{"id":2504,"date":"2025-11-11T19:47:28","date_gmt":"2025-11-11T19:47:28","guid":{"rendered":"https:\/\/sysopweb.com.mx\/Instecservice\/?post_type=product&#038;p=2504"},"modified":"2025-11-11T19:48:13","modified_gmt":"2025-11-11T19:48:13","slug":"rampas-serie-u-neumatica","status":"publish","type":"product","link":"https:\/\/instecservice.com\/en\/product\/rampas-serie-u-neumatica\/","title":{"rendered":"Rampas Serie U Neum\u00e1tica"},"content":{"rendered":"","protected":false},"excerpt":{"rendered":"<p>La nueva plataforma niveladora de Blue Giant &#8220;U-Series Air Bag&#8221; combina algunas ventajas: Certificaciones LED (Industria Limpia), ya que no deja residuos de acite, su operaci\u00f2n es amigable con el medio ambiente atraves de su funcionamiento por aire, integridad estructural dise\u00f1ada para las altas demandas del mercado como plantas de manufactura, Centros de Distribuci\u00f3n, Industria farmaceutica y alimenticia.<\/p>\n<p>El nivelador de anden de aire comprimido de Blue Giant funciona de manera segura y eficiente en las condiciones m\u00e1s dif\u00edciles: temperaturas extremas, uso intenso y exposici\u00f3n a sustancias c\u00e1usticas.<\/p>\n<p>Disponible en capacidades nominales de 30,000 a 45,000 lb (13,636 a 20,455 kg)<\/p>\n<ul>\n<li><strong>El poder del aire<\/strong><\/li>\n<\/ul>\n<p>Cuando se activa mediante la \u00fanica estaci\u00f3n de control con bot\u00f3n pulsador, la bolsa de aire se infla, eleva la plataforma y despliega el borde en un movimiento continuo hacia arriba. Despu\u00e9s de soltar el bot\u00f3n, la bolsa se desinfla, lo que permite que la plataforma descienda sobre la plataforma del cami\u00f3n.<\/p>\n<p>Caracter\u00edsticas:<\/p>\n<ul>\n<li>Blower (Motor) de alta eficiencia en la inyecci\u00f3n de aire. Ya que las aperturas son en menor tiempo<\/li>\n<li>Bolsa de Aire (Heavy-duty) fabricada en vinil de alta resistencia para trabajo continuo<\/li>\n<li>Sistema anti-caida (Mechanical Fall-safe)<\/li>\n<\/ul>\n<p>&nbsp;<\/p>\n<figure id=\"attachment_6543\" aria-describedby=\"caption-attachment-6543\" style=\"width: 83px\" class=\"wp-caption aligncenter\"><img decoding=\"async\" class=\"wp-image-6543\" src=\"https:\/\/sysopweb.com.mx\/Instecservice\/wp-content\/uploads\/2019\/12\/optmizar-pdf-297x300.png\" alt=\"\" width=\"83\" height=\"84\" \/><figcaption id=\"caption-attachment-6543\" class=\"wp-caption-text\">Ficha Tecnica<\/figcaption><\/figure>\n<p>&nbsp;<\/p>","protected":false},"featured_media":2575,"comment_status":"closed","ping_status":"closed","template":"","meta":{"site-sidebar-layout":"default","site-content-layout":"","ast-site-content-layout":"default","site-content-style":"default","site-sidebar-style":"default","ast-global-header-display":"","ast-banner-title-visibility":"","ast-main-header-display":"","ast-hfb-above-header-display":"","ast-hfb-below-header-display":"","ast-hfb-mobile-header-display":"","site-post-title":"","ast-breadcrumbs-content":"","ast-featured-img":"","footer-sml-layout":"","theme-transparent-header-meta":"","adv-header-id-meta":"","stick-header-meta":"","header-above-stick-meta":"","header-main-stick-meta":"","header-below-stick-meta":"","astra-migrate-meta-layouts":"default","ast-page-background-enabled":"default","ast-page-background-meta":{"desktop":{"background-color":"var(--ast-global-color-5)","background-image":"","background-repeat":"repeat","background-position":"center center","background-size":"auto","background-attachment":"scroll","background-type":"","background-media":"","overlay-type":"","overlay-color":"","overlay-opacity":"","overlay-gradient":""},"tablet":{"background-color":"","background-image":"","background-repeat":"repeat","background-position":"center center","background-size":"auto","background-attachment":"scroll","background-type":"","background-media":"","overlay-type":"","overlay-color":"","overlay-opacity":"","overlay-gradient":""},"mobile":{"background-color":"","background-image":"","background-repeat":"repeat","background-position":"center center","background-size":"auto","background-attachment":"scroll","background-type":"","background-media":"","overlay-type":"","overlay-color":"","overlay-opacity":"","overlay-gradient":""}},"ast-content-background-meta":{"desktop":{"background-color":"var(--ast-global-color-4)","background-image":"","background-repeat":"repeat","background-position":"center center","background-size":"auto","background-attachment":"scroll","background-type":"","background-media":"","overlay-type":"","overlay-color":"","overlay-opacity":"","overlay-gradient":""},"tablet":{"background-color":"var(--ast-global-color-4)","background-image":"","background-repeat":"repeat","background-position":"center center","background-size":"auto","background-attachment":"scroll","background-type":"","background-media":"","overlay-type":"","overlay-color":"","overlay-opacity":"","overlay-gradient":""},"mobile":{"background-color":"var(--ast-global-color-4)","background-image":"","background-repeat":"repeat","background-position":"center center","background-size":"auto","background-attachment":"scroll","background-type":"","background-media":"","overlay-type":"","overlay-color":"","overlay-opacity":"","overlay-gradient":""}}},"product_brand":[],"product_cat":[346,344,345],"product_tag":[],"class_list":{"0":"post-2504","1":"product","2":"type-product","3":"status-publish","4":"has-post-thumbnail","6":"product_cat-bluegiant","7":"product_cat-linea-industrial","8":"product_cat-rampas-niveladoras","9":"desktop-align-left","10":"tablet-align-left","11":"mobile-align-left","13":"first","14":"onbackorder","15":"shipping-taxable","16":"product-type-simple"},"aioseo_notices":[],"_links":{"self":[{"href":"https:\/\/instecservice.com\/en\/wp-json\/wp\/v2\/product\/2504","targetHints":{"allow":["GET"]}}],"collection":[{"href":"https:\/\/instecservice.com\/en\/wp-json\/wp\/v2\/product"}],"about":[{"href":"https:\/\/instecservice.com\/en\/wp-json\/wp\/v2\/types\/product"}],"replies":[{"embeddable":true,"href":"https:\/\/instecservice.com\/en\/wp-json\/wp\/v2\/comments?post=2504"}],"wp:featuredmedia":[{"embeddable":true,"href":"https:\/\/instecservice.com\/en\/wp-json\/wp\/v2\/media\/2575"}],"wp:attachment":[{"href":"https:\/\/instecservice.com\/en\/wp-json\/wp\/v2\/media?parent=2504"}],"wp:term":[{"taxonomy":"product_brand","embeddable":true,"href":"https:\/\/instecservice.com\/en\/wp-json\/wp\/v2\/product_brand?post=2504"},{"taxonomy":"product_cat","embeddable":true,"href":"https:\/\/instecservice.com\/en\/wp-json\/wp\/v2\/product_cat?post=2504"},{"taxonomy":"product_tag","embeddable":true,"href":"https:\/\/instecservice.com\/en\/wp-json\/wp\/v2\/product_tag?post=2504"}],"curies":[{"name":"wp","href":"https:\/\/api.w.org\/{rel}","templated":true}]}}