{"id":2539,"date":"2025-11-11T19:47:51","date_gmt":"2025-11-11T19:47:51","guid":{"rendered":"https:\/\/sysopweb.com.mx\/Instecservice\/?post_type=product&#038;p=2539"},"modified":"2025-11-11T19:48:19","modified_gmt":"2025-11-11T19:48:19","slug":"mini-dock-mecanico-bluegiant","status":"publish","type":"product","link":"https:\/\/instecservice.com\/en\/product\/mini-dock-mecanico-bluegiant\/","title":{"rendered":"Mini Dock Mec\u00e1nico BlueGiant"},"content":{"rendered":"<p><span lang=\"es\">La serie MD-CM se instala f\u00e1cilmente en la parte frontal del anden, lo que proporciona una eficiente unidad de acoplamiento con auto almacenamiento, que reemplaza las inc\u00f3modas placas del anden. <\/span><span lang=\"es\">Disponible en capacidades nominales de 20,000 y 30,000lbs (9,090 a 13,636kgs). F\u00e1cil y ergon\u00f3mico de usar: simplemente inserte el asa de agarre c\u00f3modo, tire hacia atr\u00e1s y empuje hacia adelante. Un sistema equilibrado de levantamiento de andenes activa el funcionamiento de la plataforma y el labio.<\/span><\/p>\n<p>Productos:<\/p>\n<ul>\n<li><strong>024-002<\/strong> &#8211; Mini dock Mec\u00e1nico BlueGiant Mod. MDX 6620M de 66&#8243;x27&#8243;, Peso de 533 lbs, capacidad din\u00e1mica de 10,000 lbs y capacidad est\u00e1tica de 20,000 lbs, labio de 15&#8243;.<\/li>\n<li><strong>024-004<\/strong>\u00a0&#8211; Mini dock Mec\u00e1nico BlueGiant Mod. MDX 6625M de 66&#8243;x27&#8243;, Peso de 574 lbs, capacidad din\u00e1mica de 12,500 lbs y capacidad est\u00e1tica de 25,000 lbs, labio de 15&#8243;.<\/li>\n<li><strong>024-006<\/strong>\u00a0&#8211; Mini dock Mec\u00e1nico BlueGiant Mod. MDX 6630M de 66&#8243;x27&#8243;, Peso de 574 lbs, capacidad din\u00e1mica de 15,000 lbs y capacidad est\u00e1tica de 30,000 lbs, labio de 15&#8243;.<\/li>\n<\/ul>\n<p>&nbsp;<\/p>\n<ul>\n<li><strong>024-008<\/strong>\u00a0&#8211; Mini dock Mec\u00e1nico BlueGiant Mod. MDX 7220M de 72&#8243;x27&#8243;, Peso de 555 lbs, capacidad din\u00e1mica de 10,000 lbs y capacidad est\u00e1tica de 20,000 lbs, labio de 15&#8243;.<\/li>\n<li><strong>024-010<\/strong>\u00a0&#8211; Mini dock Mec\u00e1nico BlueGiant Mod. MDX 7225M de 72&#8243;x27&#8243;, Peso de 555 lbs, capacidad din\u00e1mica de 12,500 lbs y capacidad est\u00e1tica de 25,000 lbs, labio de 15&#8243;.<\/li>\n<li><strong>024-012<\/strong>\u00a0&#8211; Mini dock Mec\u00e1nico BlueGiant Mod. MDX 7230M de 72&#8243;x27&#8243;, Peso de 628 lbs, capacidad din\u00e1mica de 15,000 lbs y capacidad est\u00e1tica de 30,000 lbs, labio de 15&#8243;.<\/li>\n<\/ul>\n<p>&nbsp;<\/p>\n<ul>\n<li><strong>024-016<\/strong>\u00a0&#8211; Mini dock Mec\u00e1nico BlueGiant Mod. MDC 8420M de 84&#8243;x27&#8243;, Peso de 632 lbs, capacidad din\u00e1mica de 10,000 lbs y capacidad est\u00e1tica de 20,000 lbs, labio de 15&#8243;.<\/li>\n<li><strong>024-018<\/strong>\u00a0&#8211; Mini dock Mec\u00e1nico BlueGiant Mod. MDC 8425M de 84&#8243;x27&#8243;, Peso de 573 lbs, capacidad din\u00e1mica de 12,500 lbs y capacidad est\u00e1tica de 25,000 lbs, labio de 15&#8243;.<\/li>\n<li><strong>024-020<\/strong>\u00a0&#8211; Mini dock Mec\u00e1nico BlueGiant Mod. MDC 8430M de 84&#8243;x27&#8243;, Peso de 632 lbs, capacidad din\u00e1mica de 15,000 lbs y capacidad est\u00e1tica de 30,000 lbs, labio de 15&#8243;.<\/li>\n<\/ul>","protected":false},"excerpt":{"rendered":"<p><span lang=\"es\">Es ideal para aplicaciones donde la instalaci\u00f3n de nivelador de fosa no es factible o en el anden de carga se atienden las alturas est\u00e1ndar de la plataforma de elevaci\u00f3n.<\/span><\/p>","protected":false},"featured_media":2588,"comment_status":"closed","ping_status":"closed","template":"","meta":{"site-sidebar-layout":"default","site-content-layout":"","ast-site-content-layout":"default","site-content-style":"default","site-sidebar-style":"default","ast-global-header-display":"","ast-banner-title-visibility":"","ast-main-header-display":"","ast-hfb-above-header-display":"","ast-hfb-below-header-display":"","ast-hfb-mobile-header-display":"","site-post-title":"","ast-breadcrumbs-content":"","ast-featured-img":"","footer-sml-layout":"","theme-transparent-header-meta":"","adv-header-id-meta":"","stick-header-meta":"","header-above-stick-meta":"","header-main-stick-meta":"","header-below-stick-meta":"","astra-migrate-meta-layouts":"default","ast-page-background-enabled":"default","ast-page-background-meta":{"desktop":{"background-color":"var(--ast-global-color-5)","background-image":"","background-repeat":"repeat","background-position":"center center","background-size":"auto","background-attachment":"scroll","background-type":"","background-media":"","overlay-type":"","overlay-color":"","overlay-opacity":"","overlay-gradient":""},"tablet":{"background-color":"","background-image":"","background-repeat":"repeat","background-position":"center center","background-size":"auto","background-attachment":"scroll","background-type":"","background-media":"","overlay-type":"","overlay-color":"","overlay-opacity":"","overlay-gradient":""},"mobile":{"background-color":"","background-image":"","background-repeat":"repeat","background-position":"center center","background-size":"auto","background-attachment":"scroll","background-type":"","background-media":"","overlay-type":"","overlay-color":"","overlay-opacity":"","overlay-gradient":""}},"ast-content-background-meta":{"desktop":{"background-color":"var(--ast-global-color-4)","background-image":"","background-repeat":"repeat","background-position":"center center","background-size":"auto","background-attachment":"scroll","background-type":"","background-media":"","overlay-type":"","overlay-color":"","overlay-opacity":"","overlay-gradient":""},"tablet":{"background-color":"var(--ast-global-color-4)","background-image":"","background-repeat":"repeat","background-position":"center center","background-size":"auto","background-attachment":"scroll","background-type":"","background-media":"","overlay-type":"","overlay-color":"","overlay-opacity":"","overlay-gradient":""},"mobile":{"background-color":"var(--ast-global-color-4)","background-image":"","background-repeat":"repeat","background-position":"center center","background-size":"auto","background-attachment":"scroll","background-type":"","background-media":"","overlay-type":"","overlay-color":"","overlay-opacity":"","overlay-gradient":""}}},"product_brand":[],"product_cat":[344,349],"product_tag":[],"class_list":{"0":"post-2539","1":"product","2":"type-product","3":"status-publish","4":"has-post-thumbnail","6":"product_cat-linea-industrial","7":"product_cat-mini-docks","8":"desktop-align-left","9":"tablet-align-left","10":"mobile-align-left","12":"first","13":"instock","14":"shipping-taxable","15":"product-type-simple"},"aioseo_notices":[],"_links":{"self":[{"href":"https:\/\/instecservice.com\/en\/wp-json\/wp\/v2\/product\/2539","targetHints":{"allow":["GET"]}}],"collection":[{"href":"https:\/\/instecservice.com\/en\/wp-json\/wp\/v2\/product"}],"about":[{"href":"https:\/\/instecservice.com\/en\/wp-json\/wp\/v2\/types\/product"}],"replies":[{"embeddable":true,"href":"https:\/\/instecservice.com\/en\/wp-json\/wp\/v2\/comments?post=2539"}],"wp:featuredmedia":[{"embeddable":true,"href":"https:\/\/instecservice.com\/en\/wp-json\/wp\/v2\/media\/2588"}],"wp:attachment":[{"href":"https:\/\/instecservice.com\/en\/wp-json\/wp\/v2\/media?parent=2539"}],"wp:term":[{"taxonomy":"product_brand","embeddable":true,"href":"https:\/\/instecservice.com\/en\/wp-json\/wp\/v2\/product_brand?post=2539"},{"taxonomy":"product_cat","embeddable":true,"href":"https:\/\/instecservice.com\/en\/wp-json\/wp\/v2\/product_cat?post=2539"},{"taxonomy":"product_tag","embeddable":true,"href":"https:\/\/instecservice.com\/en\/wp-json\/wp\/v2\/product_tag?post=2539"}],"curies":[{"name":"wp","href":"https:\/\/api.w.org\/{rel}","templated":true}]}}