{"id":2541,"date":"2025-11-11T19:47:51","date_gmt":"2025-11-11T19:47:51","guid":{"rendered":"https:\/\/sysopweb.com.mx\/Instecservice\/?post_type=product&#038;p=2541"},"modified":"2025-11-26T16:43:04","modified_gmt":"2025-11-26T16:43:04","slug":"gancho-mecanico-ml10","status":"publish","type":"product","link":"https:\/\/instecservice.com\/en\/product\/gancho-mecanico-ml10\/","title":{"rendered":"Gancho Mec\u00e1nico ML10"},"content":{"rendered":"<h5>Operaci\u00f3n sin Impacto<\/h5>\n<ul>\n<li>El estilo de enganche pasivo genera menos desgaste y disminuye los requisitos de mantenimiento<\/li>\n<li>Con un rango de retenci\u00f3n vertical de 11&#8243; a 26&#8243; (279 mm a 660 mm) sobre el suelo y alcance horizontal de 13&#8243; (330 mm), el ML10 es compatible con pr\u00e1cticamente todos los camiones y remolques modernos, incluso aquellos con sistemas de suspensi\u00f3n neum\u00e1tica.<\/li>\n<\/ul>\n<h5>Retiene con Fuerza<\/h5>\n<ul>\n<li>Una fuerza de retenci\u00f3n de 30,000 lb (13,636 kg) impide la salida prematura del cami\u00f3n durante la carga y descarga<\/li>\n<li>La unidad puede dejarse en la posici\u00f3n bloqueada durante la noche para desalentar el robo del remolque<\/li>\n<\/ul>\n<h5>Sin Necesidad de Potencia<\/h5>\n<p>Ciertas aplicaciones, tales como las instalaciones que manejan qu\u00edmicos o los sitios de almacenamiento de granos, conllevan el uso de sustancias explosivas y requieren de interacci\u00f3n limitada con dispositivos el\u00e9ctricos: el ML10 es un dispositivo de retenci\u00f3n seguro y confiable para estas situaciones, debido a su operaci\u00f3n enteramente mec\u00e1nica.<\/p>\n<figure id=\"attachment_2921\" aria-describedby=\"caption-attachment-2921\" style=\"width: 150px\" class=\"wp-caption aligncenter\"><a href=\"https:\/\/instecservice.com\/wp-content\/uploads\/2020\/02\/038-538S_ML10_OwnersManual_March2015-min.pdf\" target=\"_blank\" rel=\"noopener\"><img decoding=\"async\" class=\"wp-image-2921 size-thumbnail\" src=\"https:\/\/instecservice.com\/wp-content\/uploads\/2025\/11\/pdf1-150x150.png\" alt=\"\" width=\"150\" height=\"150\" srcset=\"https:\/\/instecservice.com\/wp-content\/uploads\/2025\/11\/pdf1-150x150.png 150w, https:\/\/instecservice.com\/wp-content\/uploads\/2025\/11\/pdf1-11x12.png 11w, https:\/\/instecservice.com\/wp-content\/uploads\/2025\/11\/pdf1-100x100.png 100w\" sizes=\"(max-width: 150px) 100vw, 150px\" \/><\/a><figcaption id=\"caption-attachment-2921\" class=\"wp-caption-text\">Manual<\/figcaption><\/figure>","protected":false},"excerpt":{"rendered":"<p>El StrongArm\u2122 ML10 de operaci\u00f3n manual se engancha y libera mediante una sola varilla de control desprendible. Puesto que no se requiere doblar ni levantar, el riesgo de tensi\u00f3n o lesi\u00f3n al empleado se ve reducido significativamente.<\/p>","protected":false},"featured_media":2589,"comment_status":"closed","ping_status":"closed","template":"","meta":{"site-sidebar-layout":"default","site-content-layout":"","ast-site-content-layout":"default","site-content-style":"default","site-sidebar-style":"default","ast-global-header-display":"","ast-banner-title-visibility":"","ast-main-header-display":"","ast-hfb-above-header-display":"","ast-hfb-below-header-display":"","ast-hfb-mobile-header-display":"","site-post-title":"","ast-breadcrumbs-content":"","ast-featured-img":"","footer-sml-layout":"","theme-transparent-header-meta":"default","adv-header-id-meta":"","stick-header-meta":"","header-above-stick-meta":"","header-main-stick-meta":"","header-below-stick-meta":"","astra-migrate-meta-layouts":"set","ast-page-background-enabled":"default","ast-page-background-meta":{"desktop":{"background-color":"var(--ast-global-color-5)","background-image":"","background-repeat":"repeat","background-position":"center center","background-size":"auto","background-attachment":"scroll","background-type":"","background-media":"","overlay-type":"","overlay-color":"","overlay-opacity":"","overlay-gradient":""},"tablet":{"background-color":"","background-image":"","background-repeat":"repeat","background-position":"center center","background-size":"auto","background-attachment":"scroll","background-type":"","background-media":"","overlay-type":"","overlay-color":"","overlay-opacity":"","overlay-gradient":""},"mobile":{"background-color":"","background-image":"","background-repeat":"repeat","background-position":"center center","background-size":"auto","background-attachment":"scroll","background-type":"","background-media":"","overlay-type":"","overlay-color":"","overlay-opacity":"","overlay-gradient":""}},"ast-content-background-meta":{"desktop":{"background-color":"var(--ast-global-color-4)","background-image":"","background-repeat":"repeat","background-position":"center center","background-size":"auto","background-attachment":"scroll","background-type":"","background-media":"","overlay-type":"","overlay-color":"","overlay-opacity":"","overlay-gradient":""},"tablet":{"background-color":"var(--ast-global-color-4)","background-image":"","background-repeat":"repeat","background-position":"center center","background-size":"auto","background-attachment":"scroll","background-type":"","background-media":"","overlay-type":"","overlay-color":"","overlay-opacity":"","overlay-gradient":""},"mobile":{"background-color":"var(--ast-global-color-4)","background-image":"","background-repeat":"repeat","background-position":"center center","background-size":"auto","background-attachment":"scroll","background-type":"","background-media":"","overlay-type":"","overlay-color":"","overlay-opacity":"","overlay-gradient":""}}},"product_brand":[],"product_cat":[350,344],"product_tag":[],"class_list":{"0":"post-2541","1":"product","2":"type-product","3":"status-publish","4":"has-post-thumbnail","6":"product_cat-ganchos-de-retencion","7":"product_cat-linea-industrial","8":"desktop-align-left","9":"tablet-align-left","10":"mobile-align-left","12":"first","13":"onbackorder","14":"shipping-taxable","15":"product-type-simple"},"aioseo_notices":[],"_links":{"self":[{"href":"https:\/\/instecservice.com\/en\/wp-json\/wp\/v2\/product\/2541","targetHints":{"allow":["GET"]}}],"collection":[{"href":"https:\/\/instecservice.com\/en\/wp-json\/wp\/v2\/product"}],"about":[{"href":"https:\/\/instecservice.com\/en\/wp-json\/wp\/v2\/types\/product"}],"replies":[{"embeddable":true,"href":"https:\/\/instecservice.com\/en\/wp-json\/wp\/v2\/comments?post=2541"}],"wp:featuredmedia":[{"embeddable":true,"href":"https:\/\/instecservice.com\/en\/wp-json\/wp\/v2\/media\/2589"}],"wp:attachment":[{"href":"https:\/\/instecservice.com\/en\/wp-json\/wp\/v2\/media?parent=2541"}],"wp:term":[{"taxonomy":"product_brand","embeddable":true,"href":"https:\/\/instecservice.com\/en\/wp-json\/wp\/v2\/product_brand?post=2541"},{"taxonomy":"product_cat","embeddable":true,"href":"https:\/\/instecservice.com\/en\/wp-json\/wp\/v2\/product_cat?post=2541"},{"taxonomy":"product_tag","embeddable":true,"href":"https:\/\/instecservice.com\/en\/wp-json\/wp\/v2\/product_tag?post=2541"}],"curies":[{"name":"wp","href":"https:\/\/api.w.org\/{rel}","templated":true}]}}