{"id":2542,"date":"2025-11-11T19:47:51","date_gmt":"2025-11-11T19:47:51","guid":{"rendered":"https:\/\/sysopweb.com.mx\/Instecservice\/?post_type=product&#038;p=2542"},"modified":"2025-11-11T19:48:21","modified_gmt":"2025-11-11T19:48:21","slug":"sello-de-anden-royalseal","status":"publish","type":"product","link":"https:\/\/instecservice.com\/en\/product\/sello-de-anden-royalseal\/","title":{"rendered":"Sello de Anden RoyalSeal"},"content":{"rendered":"<p>Productos:<\/p>\n<ul>\n<li><strong>Sello de Anden con Cabezal tipo Acolchonado:<\/strong><\/li>\n<\/ul>\n<p>Sellos de anden modelo ISS para claro de 8&#8242; x 10&#8242; y 9&#8242; x 10&#8242; fabricado en fibra de poli\u00e9ster 1000-D 20&#215;20 con recubrimiento de PVC 22 Oz flaps @ 9&#8243; de 35 Oz, cabezal tipo acolchonado de 12&#8243; con flaps laterales.<\/p>\n<p>Tiempo de Entrega: INMEDIATA<\/p>\n<ul>\n<li><strong>Sello de Anden con Cabezal tipo Cortina:<\/strong><\/li>\n<\/ul>\n<p>Sellos de anden modelo ISC para claro de 8&#8242; x 10&#8242; y 9&#8242; x 10&#8242; fabricado en fibra de poli\u00e9ster 1000-D 20&#215;20 con recubrimiento de PVC 22 Oz flaps @ 9&#8243; de 35 Oz, cabezal tipo cortina de 24&#8243; con velkro para ajuste de altura, medida frontal de pierna en sello de 12&#8243; y 16&#8243;.<\/p>\n<p><strong>MANEJAMOS SELLOS DE ANDEN CON PROYECCION:<\/strong><\/p>\n<p>Para dar una inclinaci\u00f3n o declinaci\u00f3n de cuerdo al nivel que est\u00e1n manejando en los andenes, proporcionando un sellado uniforme entre la caja del cami\u00f3n y su almac\u00e9n.<\/p>","protected":false},"excerpt":{"rendered":"<p>Nuestros modelos son sellos que brindan una protecci\u00f3n al anden, ofreciendo un sellado uniforme, fabricando a las dimensiones requeridas por el cliente y con calidad de exportaci\u00f3n.<\/p>\n<p>Teniendo como especificaciones<\/p>\n<ul>\n<li>Lona de vinilo con gran resistencia a los procesos de aparcado en andenes.<\/li>\n<li>Cabezal superior con lona de vinilo y en su interior espuma de poliuretano de alta densidad con estructura de madera.<\/li>\n<li>Sello dise\u00f1ado con ojales galvanizados para salidas de aire y drenado en la parte inferior de piernas.<\/li>\n<li>Cubierta frontal con franjas amarillas tipo transito, visibles al operador para un mejor aparcado.<\/li>\n<li>Estructura de madera estufada y pulida, preparada para intemperie.<\/li>\n<\/ul>","protected":false},"featured_media":2590,"comment_status":"closed","ping_status":"closed","template":"","meta":{"site-sidebar-layout":"default","site-content-layout":"","ast-site-content-layout":"default","site-content-style":"default","site-sidebar-style":"default","ast-global-header-display":"","ast-banner-title-visibility":"","ast-main-header-display":"","ast-hfb-above-header-display":"","ast-hfb-below-header-display":"","ast-hfb-mobile-header-display":"","site-post-title":"","ast-breadcrumbs-content":"","ast-featured-img":"","footer-sml-layout":"","theme-transparent-header-meta":"","adv-header-id-meta":"","stick-header-meta":"","header-above-stick-meta":"","header-main-stick-meta":"","header-below-stick-meta":"","astra-migrate-meta-layouts":"default","ast-page-background-enabled":"default","ast-page-background-meta":{"desktop":{"background-color":"var(--ast-global-color-5)","background-image":"","background-repeat":"repeat","background-position":"center center","background-size":"auto","background-attachment":"scroll","background-type":"","background-media":"","overlay-type":"","overlay-color":"","overlay-opacity":"","overlay-gradient":""},"tablet":{"background-color":"","background-image":"","background-repeat":"repeat","background-position":"center center","background-size":"auto","background-attachment":"scroll","background-type":"","background-media":"","overlay-type":"","overlay-color":"","overlay-opacity":"","overlay-gradient":""},"mobile":{"background-color":"","background-image":"","background-repeat":"repeat","background-position":"center center","background-size":"auto","background-attachment":"scroll","background-type":"","background-media":"","overlay-type":"","overlay-color":"","overlay-opacity":"","overlay-gradient":""}},"ast-content-background-meta":{"desktop":{"background-color":"var(--ast-global-color-4)","background-image":"","background-repeat":"repeat","background-position":"center center","background-size":"auto","background-attachment":"scroll","background-type":"","background-media":"","overlay-type":"","overlay-color":"","overlay-opacity":"","overlay-gradient":""},"tablet":{"background-color":"var(--ast-global-color-4)","background-image":"","background-repeat":"repeat","background-position":"center center","background-size":"auto","background-attachment":"scroll","background-type":"","background-media":"","overlay-type":"","overlay-color":"","overlay-opacity":"","overlay-gradient":""},"mobile":{"background-color":"var(--ast-global-color-4)","background-image":"","background-repeat":"repeat","background-position":"center center","background-size":"auto","background-attachment":"scroll","background-type":"","background-media":"","overlay-type":"","overlay-color":"","overlay-opacity":"","overlay-gradient":""}}},"product_brand":[],"product_cat":[344,351],"product_tag":[],"class_list":{"0":"post-2542","1":"product","2":"type-product","3":"status-publish","4":"has-post-thumbnail","6":"product_cat-linea-industrial","7":"product_cat-sellos-de-anden","8":"desktop-align-left","9":"tablet-align-left","10":"mobile-align-left","12":"first","13":"instock","14":"shipping-taxable","15":"product-type-simple"},"aioseo_notices":[],"_links":{"self":[{"href":"https:\/\/instecservice.com\/en\/wp-json\/wp\/v2\/product\/2542","targetHints":{"allow":["GET"]}}],"collection":[{"href":"https:\/\/instecservice.com\/en\/wp-json\/wp\/v2\/product"}],"about":[{"href":"https:\/\/instecservice.com\/en\/wp-json\/wp\/v2\/types\/product"}],"replies":[{"embeddable":true,"href":"https:\/\/instecservice.com\/en\/wp-json\/wp\/v2\/comments?post=2542"}],"wp:featuredmedia":[{"embeddable":true,"href":"https:\/\/instecservice.com\/en\/wp-json\/wp\/v2\/media\/2590"}],"wp:attachment":[{"href":"https:\/\/instecservice.com\/en\/wp-json\/wp\/v2\/media?parent=2542"}],"wp:term":[{"taxonomy":"product_brand","embeddable":true,"href":"https:\/\/instecservice.com\/en\/wp-json\/wp\/v2\/product_brand?post=2542"},{"taxonomy":"product_cat","embeddable":true,"href":"https:\/\/instecservice.com\/en\/wp-json\/wp\/v2\/product_cat?post=2542"},{"taxonomy":"product_tag","embeddable":true,"href":"https:\/\/instecservice.com\/en\/wp-json\/wp\/v2\/product_tag?post=2542"}],"curies":[{"name":"wp","href":"https:\/\/api.w.org\/{rel}","templated":true}]}}