{"id":2546,"date":"2025-11-11T19:47:52","date_gmt":"2025-11-11T19:47:52","guid":{"rendered":"https:\/\/sysopweb.com.mx\/Instecservice\/?post_type=product&#038;p=2546"},"modified":"2025-11-26T16:48:39","modified_gmt":"2025-11-26T16:48:39","slug":"patin-manual-elp55","status":"publish","type":"product","link":"https:\/\/instecservice.com\/en\/product\/patin-manual-elp55\/","title":{"rendered":"Patin Manual ELP55"},"content":{"rendered":"<p>El pat\u00edn manual EPT-55 tiene un dise\u00f1o robusto y funcional que redunda en un uso a largo plazo y gran fiabilidad.<\/p>\n<h5>Capacidad:<\/h5>\n<ul>\n<li>5500 lb (2487 kg)<\/li>\n<\/ul>\n<h5>Desempe\u00f1o:<\/h5>\n<ul>\n<li>Arco operativo de 200 grados para ofrecer una excelente maniobrabilidad<\/li>\n<li>Diez recorridos completos para alcanzar la altura m\u00e1xima de elevaci\u00f3n de 7.8&#8243; (198 mm)<\/li>\n<li>Control de direcci\u00f3n sencillo y preciso y funciones de ascenso \/ descenso<\/li>\n<li>Radio de giro de 52 1\/2&#8243; (1334 mm)<\/li>\n<li>Rodillos escaladores para una entrada f\u00e1cil en las paletas<\/li>\n<li>El descenso puede accionarse con la mano o liberando el pedal<\/li>\n<\/ul>\n<h5>Ergonomia:<\/h5>\n<ul>\n<li>Mango largo con dise\u00f1o curvil\u00edneo y acolchado adicional para una sujeci\u00f3n sencilla y c\u00f3moda<\/li>\n<li>Palanca de control de tres posiciones (subir, neutral, bajar) con control dactilar<\/li>\n<li>Un resorte s\u00f3lido devuelve el mango a la posici\u00f3n vertical una vez que se libera<\/li>\n<\/ul>\n<h5>Integridad Estructural:<\/h5>\n<ul>\n<li>Tama\u00f1o de horquilla: est\u00e1ndar de 27&#8243; x 48&#8243; (686 mm x 1219 mm)<\/li>\n<li>Horquillas c\u00f3nicas y rodillos de entrada y salida para un manejo suave de la paleta<\/li>\n<li>Bomba hidr\u00e1ulica galvanizada con v\u00e1lvula de alivio de sobrecarga<\/li>\n<li>Marco de alta resistencia construido de un canal conformado de pieza \u00fanica<\/li>\n<li>Barras ajustables que facilitan el ajuste de altura<\/li>\n<li>Colgantes de hierro fundido para una mayor solidez y longevidad<\/li>\n<li>Graseras y cojinetes en todos los puntos giratorios para facilitar el mantenimiento<\/li>\n<\/ul>\n<figure id=\"attachment_2921\" aria-describedby=\"caption-attachment-2921\" style=\"width: 150px\" class=\"wp-caption aligncenter\"><a href=\"https:\/\/instecservice.com\/wp-content\/uploads\/2020\/02\/EPT-55_ManualPalletTruck_WEB.pdf\"><img decoding=\"async\" class=\"wp-image-2921 size-thumbnail\" src=\"https:\/\/instecservice.com\/wp-content\/uploads\/2025\/11\/pdf1-150x150.png\" alt=\"\" width=\"150\" height=\"150\" srcset=\"https:\/\/instecservice.com\/wp-content\/uploads\/2025\/11\/pdf1-150x150.png 150w, https:\/\/instecservice.com\/wp-content\/uploads\/2025\/11\/pdf1-11x12.png 11w, https:\/\/instecservice.com\/wp-content\/uploads\/2025\/11\/pdf1-100x100.png 100w\" sizes=\"(max-width: 150px) 100vw, 150px\" \/><\/a><figcaption id=\"caption-attachment-2921\" class=\"wp-caption-text\">Ficha T\u00e9cnica<\/figcaption><\/figure>","protected":false},"excerpt":{"rendered":"<p>Producto:<\/p>\n<ul>\n<li><strong>034-004\u00a0<\/strong>&#8211; ELP55 HIDRA 5500 LBS Patin EPT5.<\/li>\n<\/ul>","protected":false},"featured_media":2596,"comment_status":"closed","ping_status":"closed","template":"","meta":{"site-sidebar-layout":"default","site-content-layout":"","ast-site-content-layout":"default","site-content-style":"default","site-sidebar-style":"default","ast-global-header-display":"","ast-banner-title-visibility":"","ast-main-header-display":"","ast-hfb-above-header-display":"","ast-hfb-below-header-display":"","ast-hfb-mobile-header-display":"","site-post-title":"","ast-breadcrumbs-content":"","ast-featured-img":"","footer-sml-layout":"","theme-transparent-header-meta":"default","adv-header-id-meta":"","stick-header-meta":"","header-above-stick-meta":"","header-main-stick-meta":"","header-below-stick-meta":"","astra-migrate-meta-layouts":"set","ast-page-background-enabled":"default","ast-page-background-meta":{"desktop":{"background-color":"var(--ast-global-color-5)","background-image":"","background-repeat":"repeat","background-position":"center center","background-size":"auto","background-attachment":"scroll","background-type":"","background-media":"","overlay-type":"","overlay-color":"","overlay-opacity":"","overlay-gradient":""},"tablet":{"background-color":"","background-image":"","background-repeat":"repeat","background-position":"center center","background-size":"auto","background-attachment":"scroll","background-type":"","background-media":"","overlay-type":"","overlay-color":"","overlay-opacity":"","overlay-gradient":""},"mobile":{"background-color":"","background-image":"","background-repeat":"repeat","background-position":"center center","background-size":"auto","background-attachment":"scroll","background-type":"","background-media":"","overlay-type":"","overlay-color":"","overlay-opacity":"","overlay-gradient":""}},"ast-content-background-meta":{"desktop":{"background-color":"var(--ast-global-color-4)","background-image":"","background-repeat":"repeat","background-position":"center center","background-size":"auto","background-attachment":"scroll","background-type":"","background-media":"","overlay-type":"","overlay-color":"","overlay-opacity":"","overlay-gradient":""},"tablet":{"background-color":"var(--ast-global-color-4)","background-image":"","background-repeat":"repeat","background-position":"center center","background-size":"auto","background-attachment":"scroll","background-type":"","background-media":"","overlay-type":"","overlay-color":"","overlay-opacity":"","overlay-gradient":""},"mobile":{"background-color":"var(--ast-global-color-4)","background-image":"","background-repeat":"repeat","background-position":"center center","background-size":"auto","background-attachment":"scroll","background-type":"","background-media":"","overlay-type":"","overlay-color":"","overlay-opacity":"","overlay-gradient":""}}},"product_brand":[],"product_cat":[354,344],"product_tag":[],"class_list":{"0":"post-2546","1":"product","2":"type-product","3":"status-publish","4":"has-post-thumbnail","6":"product_cat-elevating-dock-y-eq-especial","7":"product_cat-linea-industrial","8":"desktop-align-left","9":"tablet-align-left","10":"mobile-align-left","12":"first","13":"instock","14":"shipping-taxable","15":"product-type-simple"},"aioseo_notices":[],"_links":{"self":[{"href":"https:\/\/instecservice.com\/en\/wp-json\/wp\/v2\/product\/2546","targetHints":{"allow":["GET"]}}],"collection":[{"href":"https:\/\/instecservice.com\/en\/wp-json\/wp\/v2\/product"}],"about":[{"href":"https:\/\/instecservice.com\/en\/wp-json\/wp\/v2\/types\/product"}],"replies":[{"embeddable":true,"href":"https:\/\/instecservice.com\/en\/wp-json\/wp\/v2\/comments?post=2546"}],"wp:featuredmedia":[{"embeddable":true,"href":"https:\/\/instecservice.com\/en\/wp-json\/wp\/v2\/media\/2596"}],"wp:attachment":[{"href":"https:\/\/instecservice.com\/en\/wp-json\/wp\/v2\/media?parent=2546"}],"wp:term":[{"taxonomy":"product_brand","embeddable":true,"href":"https:\/\/instecservice.com\/en\/wp-json\/wp\/v2\/product_brand?post=2546"},{"taxonomy":"product_cat","embeddable":true,"href":"https:\/\/instecservice.com\/en\/wp-json\/wp\/v2\/product_cat?post=2546"},{"taxonomy":"product_tag","embeddable":true,"href":"https:\/\/instecservice.com\/en\/wp-json\/wp\/v2\/product_tag?post=2546"}],"curies":[{"name":"wp","href":"https:\/\/api.w.org\/{rel}","templated":true}]}}