{"id":2686,"date":"2025-11-11T19:49:06","date_gmt":"2025-11-11T19:49:06","guid":{"rendered":"https:\/\/sysopweb.com.mx\/Instecservice\/?post_type=product&#038;p=2686"},"modified":"2025-11-11T19:49:26","modified_gmt":"2025-11-11T19:49:26","slug":"barra-antipanico-marca-merik","status":"publish","type":"product","link":"https:\/\/instecservice.com\/en\/product\/barra-antipanico-marca-merik\/","title":{"rendered":"Barra Antipanico Marca Merik"},"content":{"rendered":"<ul>\n<li><strong>006-002\u00a0<\/strong>&#8211; Barra Antip\u00e1tico Horizontal de 36&#8243;, acabada en pintura electroest\u00e1tica color aluminio, grado 2, con certificaci\u00f3n UL.<\/li>\n<li><strong>006-004\u00a0<\/strong>&#8211; Barra Antip\u00e1tico Horizontal de 48&#8243;, acabada en pintura electroest\u00e1tica color aluminio, grado 2, con certificaci\u00f3n UL.<\/li>\n<li><strong>006-006\u00a0<\/strong>&#8211; Barra Antip\u00e1tico Vertical derecha, acabada en pintura electroest\u00e1tica color aluminio, grado 2, con certificaci\u00f3n UL; para puerta doble de 7&#8242;.<\/li>\n<li><strong>006-008\u00a0<\/strong>&#8211; Barra Antip\u00e1tico Vertical izquierda, acabada en pintura electroest\u00e1tica color aluminio, grado 2, con certificaci\u00f3n UL; para puerta doble de 7&#8242;.<\/li>\n<li><strong>006-010\u00a0<\/strong>&#8211; Barra Antip\u00e1tico Vertical derecha, acabada en pintura electroest\u00e1tica color aluminio, grado 2, con certificaci\u00f3n UL; para puerta doble de 8&#8242;.<\/li>\n<li><strong>006-012\u00a0<\/strong>&#8211; Barra Antip\u00e1tico Vertical izquierda, acabada en pintura electroest\u00e1tica color aluminio, grado 2, con certificaci\u00f3n UL; para puerta doble de 8&#8242;.<\/li>\n<li><strong>006-014\u00a0<\/strong>&#8211; Barra Antip\u00e1tico Horizontal de 36&#8243;, de acero inoxidable, ambos lados, \u00a0grado 2, con certificaci\u00f3n UL; para puerta de 3&#8242; de ancho.<\/li>\n<li><strong>006-016\u00a0<\/strong>&#8211; Barra Antip\u00e1tico Horizontal de 48&#8243;, de acero inoxidable, ambos lados, \u00a0grado 2, con certificaci\u00f3n UL; para puerta de 3&#8242; de ancho.<\/li>\n<li><strong>006-018\u00a0<\/strong>&#8211; Barra Antip\u00e1tico Vertical derecha, de acero inoxidable, grado 2, con certificaci\u00f3n UL; para puerta doble de 7&#8242;.<\/li>\n<li><strong>006-020\u00a0<\/strong>&#8211; Barra Antip\u00e1tico Vertical izquierda, de acero inoxidable, grado 2, con certificaci\u00f3n UL; para puerta doble de 7&#8242;.<\/li>\n<li><strong>006-021\u00a0<\/strong>&#8211; Barra Antip\u00e1tico Horizontal 36&#8243;, acabada en pintura electroest\u00e1tica color aluminio, certificaci\u00f3n UL, contra fuego 3 horas, barra con fusible de aluminio que se funde bloqueando a los 500 grados C aproximadamente, evitando que el fuego y el humo pasen, Grado 1.<\/li>\n<li><strong>006-022\u00a0<\/strong>&#8211; Barra Antip\u00e1tico Horizontal 48&#8243;, acabada en pintura electroest\u00e1tica color aluminio, certificaci\u00f3n UL, contra fuego 3 horas, barra con fusible de aluminio que se funde bloqueando a los 500 grados C aproximadamente, evitando que el fuego y el humo pasen, Grado 1.<\/li>\n<li><strong>006-023\u00a0<\/strong>&#8211; Barra Antip\u00e1tico con Kit de alarma audible de 36&#8243; alimentada con bater\u00eda cuadrada, incluye llave de armado, para puerta de emergencia de 3&#8242;.<\/li>\n<li><strong>006-024\u00a0<\/strong>&#8211;\u00a0Barra Antip\u00e1tico con Kit de alarma audible de 48&#8243; alimentada con bater\u00eda cuadrada, incluye llave de armado, para puerta de emergencia de 4&#8242;.<\/li>\n<\/ul>","protected":false},"excerpt":{"rendered":"<h3 class=\"color_ind\">Caracter\u00edsticas<\/h3>\n<ul>\n<li>Recomendada como dispositivo de salida de emergencia; as\u00ed como para puertas contra fuego<\/li>\n<li>Disponible para puertas sencillas o dobles en diferentes acabados<\/li>\n<li>Grado 2<\/li>\n<\/ul>","protected":false},"featured_media":2721,"comment_status":"closed","ping_status":"closed","template":"","meta":{"site-sidebar-layout":"default","site-content-layout":"","ast-site-content-layout":"default","site-content-style":"default","site-sidebar-style":"default","ast-global-header-display":"","ast-banner-title-visibility":"","ast-main-header-display":"","ast-hfb-above-header-display":"","ast-hfb-below-header-display":"","ast-hfb-mobile-header-display":"","site-post-title":"","ast-breadcrumbs-content":"","ast-featured-img":"","footer-sml-layout":"","theme-transparent-header-meta":"","adv-header-id-meta":"","stick-header-meta":"","header-above-stick-meta":"","header-main-stick-meta":"","header-below-stick-meta":"","astra-migrate-meta-layouts":"default","ast-page-background-enabled":"default","ast-page-background-meta":{"desktop":{"background-color":"var(--ast-global-color-5)","background-image":"","background-repeat":"repeat","background-position":"center center","background-size":"auto","background-attachment":"scroll","background-type":"","background-media":"","overlay-type":"","overlay-color":"","overlay-opacity":"","overlay-gradient":""},"tablet":{"background-color":"","background-image":"","background-repeat":"repeat","background-position":"center center","background-size":"auto","background-attachment":"scroll","background-type":"","background-media":"","overlay-type":"","overlay-color":"","overlay-opacity":"","overlay-gradient":""},"mobile":{"background-color":"","background-image":"","background-repeat":"repeat","background-position":"center center","background-size":"auto","background-attachment":"scroll","background-type":"","background-media":"","overlay-type":"","overlay-color":"","overlay-opacity":"","overlay-gradient":""}},"ast-content-background-meta":{"desktop":{"background-color":"var(--ast-global-color-4)","background-image":"","background-repeat":"repeat","background-position":"center center","background-size":"auto","background-attachment":"scroll","background-type":"","background-media":"","overlay-type":"","overlay-color":"","overlay-opacity":"","overlay-gradient":""},"tablet":{"background-color":"var(--ast-global-color-4)","background-image":"","background-repeat":"repeat","background-position":"center center","background-size":"auto","background-attachment":"scroll","background-type":"","background-media":"","overlay-type":"","overlay-color":"","overlay-opacity":"","overlay-gradient":""},"mobile":{"background-color":"var(--ast-global-color-4)","background-image":"","background-repeat":"repeat","background-position":"center center","background-size":"auto","background-attachment":"scroll","background-type":"","background-media":"","overlay-type":"","overlay-color":"","overlay-opacity":"","overlay-gradient":""}}},"product_brand":[],"product_cat":[344,360],"product_tag":[],"class_list":{"0":"post-2686","1":"product","2":"type-product","3":"status-publish","4":"has-post-thumbnail","6":"product_cat-linea-industrial","7":"product_cat-puertas-de-emergencia","8":"desktop-align-left","9":"tablet-align-left","10":"mobile-align-left","12":"first","13":"instock","14":"shipping-taxable","15":"product-type-simple"},"aioseo_notices":[],"_links":{"self":[{"href":"https:\/\/instecservice.com\/en\/wp-json\/wp\/v2\/product\/2686","targetHints":{"allow":["GET"]}}],"collection":[{"href":"https:\/\/instecservice.com\/en\/wp-json\/wp\/v2\/product"}],"about":[{"href":"https:\/\/instecservice.com\/en\/wp-json\/wp\/v2\/types\/product"}],"replies":[{"embeddable":true,"href":"https:\/\/instecservice.com\/en\/wp-json\/wp\/v2\/comments?post=2686"}],"wp:featuredmedia":[{"embeddable":true,"href":"https:\/\/instecservice.com\/en\/wp-json\/wp\/v2\/media\/2721"}],"wp:attachment":[{"href":"https:\/\/instecservice.com\/en\/wp-json\/wp\/v2\/media?parent=2686"}],"wp:term":[{"taxonomy":"product_brand","embeddable":true,"href":"https:\/\/instecservice.com\/en\/wp-json\/wp\/v2\/product_brand?post=2686"},{"taxonomy":"product_cat","embeddable":true,"href":"https:\/\/instecservice.com\/en\/wp-json\/wp\/v2\/product_cat?post=2686"},{"taxonomy":"product_tag","embeddable":true,"href":"https:\/\/instecservice.com\/en\/wp-json\/wp\/v2\/product_tag?post=2686"}],"curies":[{"name":"wp","href":"https:\/\/api.w.org\/{rel}","templated":true}]}}