{"id":2688,"date":"2025-11-11T19:49:06","date_gmt":"2025-11-11T19:49:06","guid":{"rendered":"https:\/\/sysopweb.com.mx\/Instecservice\/?post_type=product&#038;p=2688"},"modified":"2025-11-11T19:49:27","modified_gmt":"2025-11-11T19:49:27","slug":"cierra-puertas-marca-merik","status":"publish","type":"product","link":"https:\/\/instecservice.com\/en\/product\/cierra-puertas-marca-merik\/","title":{"rendered":"Cierra Puertas Marca Merik"},"content":{"rendered":"<ul>\n<li><strong>006-036\u00a0<\/strong>&#8211; Cierrapuertas Modelo MERIK 1, linea econ\u00f3mica, con cuerpo de aluminio fuerza 2 a \u00a04 con diferentes posiciones de montaje del brazo, 2 controles de ajuste (viaje y cierre). Peso m\u00e1ximo de hoja de 80 kg. ancho de puerta m\u00e1ximo de 1.10 m y apertura maxima a 170 grados. Certificaciones UL No. R10469 conforme UL10C, ISO 9001, probado 500,000 ciclos.<\/li>\n<li><strong>006-038\u00a0<\/strong>&#8211; Cierrapuertas Modelo MERIK 2, dise\u00f1o de poder ajustable, fabricado en cuerpo de aluminio con funcionarios back check, fuerza de 2 a 4, incluye zapata de instalaci\u00f3n de brazo en paralelo, 2 controles de ajuste (viaje y cierre). Peso m\u00e1ximo de hoja de 85 kg. ancho de puerta m\u00e1ximo de 1.05 m y apertura de 180 grados. Back check ajustable a 60 grados. Certificaciones UL No. R10469 conforme UL10C, ISO 9001, ANSI GRADO 1.<\/li>\n<li><strong>006-040\u00a0<\/strong>&#8211; Cierrapuertas Modelo MERIK 2, dise\u00f1o de poder ajustable, fabricado en cuerpo de aluminio con funcionarios back check, fuerza de 2 a 4, incluye zapata de instalaci\u00f3n de brazo en paralelo, 2 controles de ajuste (viaje y cierre). Peso m\u00e1ximo de hoja de 85 kg. ancho de puerta m\u00e1ximo de 1.05 m y apertura de 180 grados. Back check ajustable a 60 grados. Certificaciones UL No. R10469 conforme UL10C, ISO 9001, ANSI GRADO 1.<\/li>\n<\/ul>\n<p>&nbsp;<\/p>\n<ul>\n<li><strong>006-045<\/strong> &#8211; Cierrapuertas oculto, fabricado en aluminio extruido, funcionarios Hold-open, acabado color plata, incluye aceite hidr\u00e1ulico vs incendio, peso m\u00e1ximo de la puerta 40 kgs, ancho m\u00e1ximo de hoja de 0.95 mts.<\/li>\n<\/ul>\n<ul>\n<li><strong>006-050<\/strong>\u00a0&#8211; Brazo Hold-open para Cierrapuertas MERIK 2.<\/li>\n<li><strong>006-052<\/strong>\u00a0&#8211; Brazo Hold-open para Cierrapuertas MERIK 3.<\/li>\n<li><strong>006-054<\/strong>\u00a0&#8211; Brazo Hold-open para Cierrapuertas MERIK 4.<\/li>\n<\/ul>","protected":false},"excerpt":{"rendered":"<p>Accesorio indispensable para las puertas resistentes al fuego.<\/p>\n<h3 class=\"color_ind\">Caracter\u00edsticas<\/h3>\n<ul>\n<li>Certificaci\u00f3n UL<\/li>\n<li>Para puertas de diferentes pesos y medidas<\/li>\n<li>Grado 1 y 2<\/li>\n<\/ul>","protected":false},"featured_media":2723,"comment_status":"closed","ping_status":"closed","template":"","meta":{"site-sidebar-layout":"default","site-content-layout":"","ast-site-content-layout":"default","site-content-style":"default","site-sidebar-style":"default","ast-global-header-display":"","ast-banner-title-visibility":"","ast-main-header-display":"","ast-hfb-above-header-display":"","ast-hfb-below-header-display":"","ast-hfb-mobile-header-display":"","site-post-title":"","ast-breadcrumbs-content":"","ast-featured-img":"","footer-sml-layout":"","theme-transparent-header-meta":"","adv-header-id-meta":"","stick-header-meta":"","header-above-stick-meta":"","header-main-stick-meta":"","header-below-stick-meta":"","astra-migrate-meta-layouts":"default","ast-page-background-enabled":"default","ast-page-background-meta":{"desktop":{"background-color":"var(--ast-global-color-5)","background-image":"","background-repeat":"repeat","background-position":"center center","background-size":"auto","background-attachment":"scroll","background-type":"","background-media":"","overlay-type":"","overlay-color":"","overlay-opacity":"","overlay-gradient":""},"tablet":{"background-color":"","background-image":"","background-repeat":"repeat","background-position":"center center","background-size":"auto","background-attachment":"scroll","background-type":"","background-media":"","overlay-type":"","overlay-color":"","overlay-opacity":"","overlay-gradient":""},"mobile":{"background-color":"","background-image":"","background-repeat":"repeat","background-position":"center center","background-size":"auto","background-attachment":"scroll","background-type":"","background-media":"","overlay-type":"","overlay-color":"","overlay-opacity":"","overlay-gradient":""}},"ast-content-background-meta":{"desktop":{"background-color":"var(--ast-global-color-4)","background-image":"","background-repeat":"repeat","background-position":"center center","background-size":"auto","background-attachment":"scroll","background-type":"","background-media":"","overlay-type":"","overlay-color":"","overlay-opacity":"","overlay-gradient":""},"tablet":{"background-color":"var(--ast-global-color-4)","background-image":"","background-repeat":"repeat","background-position":"center center","background-size":"auto","background-attachment":"scroll","background-type":"","background-media":"","overlay-type":"","overlay-color":"","overlay-opacity":"","overlay-gradient":""},"mobile":{"background-color":"var(--ast-global-color-4)","background-image":"","background-repeat":"repeat","background-position":"center center","background-size":"auto","background-attachment":"scroll","background-type":"","background-media":"","overlay-type":"","overlay-color":"","overlay-opacity":"","overlay-gradient":""}}},"product_brand":[],"product_cat":[344,360],"product_tag":[],"class_list":{"0":"post-2688","1":"product","2":"type-product","3":"status-publish","4":"has-post-thumbnail","6":"product_cat-linea-industrial","7":"product_cat-puertas-de-emergencia","8":"desktop-align-left","9":"tablet-align-left","10":"mobile-align-left","12":"first","13":"instock","14":"shipping-taxable","15":"product-type-simple"},"aioseo_notices":[],"_links":{"self":[{"href":"https:\/\/instecservice.com\/en\/wp-json\/wp\/v2\/product\/2688","targetHints":{"allow":["GET"]}}],"collection":[{"href":"https:\/\/instecservice.com\/en\/wp-json\/wp\/v2\/product"}],"about":[{"href":"https:\/\/instecservice.com\/en\/wp-json\/wp\/v2\/types\/product"}],"replies":[{"embeddable":true,"href":"https:\/\/instecservice.com\/en\/wp-json\/wp\/v2\/comments?post=2688"}],"wp:featuredmedia":[{"embeddable":true,"href":"https:\/\/instecservice.com\/en\/wp-json\/wp\/v2\/media\/2723"}],"wp:attachment":[{"href":"https:\/\/instecservice.com\/en\/wp-json\/wp\/v2\/media?parent=2688"}],"wp:term":[{"taxonomy":"product_brand","embeddable":true,"href":"https:\/\/instecservice.com\/en\/wp-json\/wp\/v2\/product_brand?post=2688"},{"taxonomy":"product_cat","embeddable":true,"href":"https:\/\/instecservice.com\/en\/wp-json\/wp\/v2\/product_cat?post=2688"},{"taxonomy":"product_tag","embeddable":true,"href":"https:\/\/instecservice.com\/en\/wp-json\/wp\/v2\/product_tag?post=2688"}],"curies":[{"name":"wp","href":"https:\/\/api.w.org\/{rel}","templated":true}]}}