{"id":2696,"date":"2025-11-11T19:49:07","date_gmt":"2025-11-11T19:49:07","guid":{"rendered":"https:\/\/sysopweb.com.mx\/Instecservice\/?post_type=product&#038;p=2696"},"modified":"2025-11-26T17:39:37","modified_gmt":"2025-11-26T17:39:37","slug":"lampara-de-anden-rs-ldl","status":"publish","type":"product","link":"https:\/\/instecservice.com\/en\/product\/lampara-de-anden-rs-ldl\/","title":{"rendered":"Lampara de Anden RS-LDL"},"content":{"rendered":"<p>Su modulo LED ilumina el interior de la caja del trailer con luz totalmente blanca de alta iluminaci\u00f3n, siendo mas eficientes que las lamparas incandescentes. LED de 20W 6000k resistente a la intemperie &#8211; 1300 l\u00famenes &#8211; base de aluminio &#8211; ultra brillante &#8211; ahorro de energ\u00eda ideal; un reflector con micro LEDS de alta potencia.<\/p>\n<figure id=\"attachment_2921\" aria-describedby=\"caption-attachment-2921\" style=\"width: 150px\" class=\"wp-caption aligncenter\"><a href=\"https:\/\/instecservice.com\/wp-content\/uploads\/2020\/02\/Ficha-Tecnica-lampara-RoyalSeal-RS-LDL.pdf\" target=\"_blank\" rel=\"noopener\"><img decoding=\"async\" class=\"wp-image-2921 size-thumbnail\" src=\"https:\/\/instecservice.com\/wp-content\/uploads\/2025\/11\/pdf1-150x150.png\" alt=\"\" width=\"150\" height=\"150\" srcset=\"https:\/\/instecservice.com\/wp-content\/uploads\/2025\/11\/pdf1-150x150.png 150w, https:\/\/instecservice.com\/wp-content\/uploads\/2025\/11\/pdf1-11x12.png 11w, https:\/\/instecservice.com\/wp-content\/uploads\/2025\/11\/pdf1-100x100.png 100w\" sizes=\"(max-width: 150px) 100vw, 150px\" \/><\/a><figcaption id=\"caption-attachment-2921\" class=\"wp-caption-text\">Ficha T\u00e9cnica<\/figcaption><\/figure>","protected":false},"excerpt":{"rendered":"<h3>*Producto Exclusivo de Instec Service*<\/h3>\n<p>&nbsp;<\/p>\n<p>Lampara de anden con Reflector LED de aluminio con vidrio templado, puede operar con cualquier tipo de brazo para lampara marca ROYALSEAL.<\/p>\n<p>Medida:<\/p>\n<ul>\n<li>RS-LDL40 = Brazo doble articulado con reflector LED20w, vidrio templado certificaci\u00f3n ANCE, UL, 40 pulgadas extendido.<\/li>\n<li>RS-LDL60 =\u00a0Brazo doble articulado con reflector LED20w, vidrio templado certificaci\u00f3n ANCE, UL, 60 pulgadas extendido.<\/li>\n<\/ul>\n<p>&nbsp;<\/p>","protected":false},"featured_media":2749,"comment_status":"closed","ping_status":"closed","template":"","meta":{"site-sidebar-layout":"default","site-content-layout":"","ast-site-content-layout":"default","site-content-style":"default","site-sidebar-style":"default","ast-global-header-display":"","ast-banner-title-visibility":"","ast-main-header-display":"","ast-hfb-above-header-display":"","ast-hfb-below-header-display":"","ast-hfb-mobile-header-display":"","site-post-title":"","ast-breadcrumbs-content":"","ast-featured-img":"","footer-sml-layout":"","theme-transparent-header-meta":"default","adv-header-id-meta":"","stick-header-meta":"","header-above-stick-meta":"","header-main-stick-meta":"","header-below-stick-meta":"","astra-migrate-meta-layouts":"set","ast-page-background-enabled":"default","ast-page-background-meta":{"desktop":{"background-color":"var(--ast-global-color-5)","background-image":"","background-repeat":"repeat","background-position":"center center","background-size":"auto","background-attachment":"scroll","background-type":"","background-media":"","overlay-type":"","overlay-color":"","overlay-opacity":"","overlay-gradient":""},"tablet":{"background-color":"","background-image":"","background-repeat":"repeat","background-position":"center center","background-size":"auto","background-attachment":"scroll","background-type":"","background-media":"","overlay-type":"","overlay-color":"","overlay-opacity":"","overlay-gradient":""},"mobile":{"background-color":"","background-image":"","background-repeat":"repeat","background-position":"center center","background-size":"auto","background-attachment":"scroll","background-type":"","background-media":"","overlay-type":"","overlay-color":"","overlay-opacity":"","overlay-gradient":""}},"ast-content-background-meta":{"desktop":{"background-color":"var(--ast-global-color-4)","background-image":"","background-repeat":"repeat","background-position":"center center","background-size":"auto","background-attachment":"scroll","background-type":"","background-media":"","overlay-type":"","overlay-color":"","overlay-opacity":"","overlay-gradient":""},"tablet":{"background-color":"var(--ast-global-color-4)","background-image":"","background-repeat":"repeat","background-position":"center center","background-size":"auto","background-attachment":"scroll","background-type":"","background-media":"","overlay-type":"","overlay-color":"","overlay-opacity":"","overlay-gradient":""},"mobile":{"background-color":"var(--ast-global-color-4)","background-image":"","background-repeat":"repeat","background-position":"center center","background-size":"auto","background-attachment":"scroll","background-type":"","background-media":"","overlay-type":"","overlay-color":"","overlay-opacity":"","overlay-gradient":""}}},"product_brand":[],"product_cat":[355,344],"product_tag":[],"class_list":{"0":"post-2696","1":"product","2":"type-product","3":"status-publish","4":"has-post-thumbnail","6":"product_cat-accesorios-de-anden","7":"product_cat-linea-industrial","8":"desktop-align-left","9":"tablet-align-left","10":"mobile-align-left","12":"first","13":"instock","14":"shipping-taxable","15":"product-type-simple"},"aioseo_notices":[],"_links":{"self":[{"href":"https:\/\/instecservice.com\/en\/wp-json\/wp\/v2\/product\/2696","targetHints":{"allow":["GET"]}}],"collection":[{"href":"https:\/\/instecservice.com\/en\/wp-json\/wp\/v2\/product"}],"about":[{"href":"https:\/\/instecservice.com\/en\/wp-json\/wp\/v2\/types\/product"}],"replies":[{"embeddable":true,"href":"https:\/\/instecservice.com\/en\/wp-json\/wp\/v2\/comments?post=2696"}],"wp:featuredmedia":[{"embeddable":true,"href":"https:\/\/instecservice.com\/en\/wp-json\/wp\/v2\/media\/2749"}],"wp:attachment":[{"href":"https:\/\/instecservice.com\/en\/wp-json\/wp\/v2\/media?parent=2696"}],"wp:term":[{"taxonomy":"product_brand","embeddable":true,"href":"https:\/\/instecservice.com\/en\/wp-json\/wp\/v2\/product_brand?post=2696"},{"taxonomy":"product_cat","embeddable":true,"href":"https:\/\/instecservice.com\/en\/wp-json\/wp\/v2\/product_cat?post=2696"},{"taxonomy":"product_tag","embeddable":true,"href":"https:\/\/instecservice.com\/en\/wp-json\/wp\/v2\/product_tag?post=2696"}],"curies":[{"name":"wp","href":"https:\/\/api.w.org\/{rel}","templated":true}]}}