{"id":2698,"date":"2025-11-11T19:49:08","date_gmt":"2025-11-11T19:49:08","guid":{"rendered":"https:\/\/sysopweb.com.mx\/Instecservice\/?post_type=product&#038;p=2698"},"modified":"2025-11-26T17:46:56","modified_gmt":"2025-11-26T17:46:56","slug":"cortina-rapida-apilable","status":"publish","type":"product","link":"https:\/\/instecservice.com\/en\/product\/cortina-rapida-apilable\/","title":{"rendered":"Cortina Rapida Apilable"},"content":{"rendered":"<ul>\n<li>Puerta en inox: gu\u00edas, dintel, consola, pies y torniller\u00eda en INOX 304.<\/li>\n<li>Motor horizontal. Desbloqueo por tiradores y cadena.<\/li>\n<li>M\u00faltiples opciones de apertura: radar, tirador, campo magn\u00e9tico y mando.<\/li>\n<li>Baliza intermitente.<\/li>\n<li>Cubre motor: normal, IP65 o met\u00e1lico.<\/li>\n<li>Mirillas adicionales.<\/li>\n<li>Perfiles lacados en blanco.<\/li>\n<li>Opci\u00f3n de cintas oscuras (lona invertida).<\/li>\n<li>Motor frontal.<\/li>\n<\/ul>\n<figure id=\"attachment_2921\" aria-describedby=\"caption-attachment-2921\" style=\"width: 150px\" class=\"wp-caption aligncenter\"><a href=\"https:\/\/instecservice.com\/wp-content\/uploads\/2020\/02\/R%C3%81PIDA-APILABLE.pdf\" rel=\"noopener\"><img decoding=\"async\" class=\"wp-image-2921 size-thumbnail\" src=\"https:\/\/instecservice.com\/wp-content\/uploads\/2025\/11\/pdf1-150x150.png\" alt=\"\" width=\"150\" height=\"150\" srcset=\"https:\/\/instecservice.com\/wp-content\/uploads\/2025\/11\/pdf1-150x150.png 150w, https:\/\/instecservice.com\/wp-content\/uploads\/2025\/11\/pdf1-11x12.png 11w, https:\/\/instecservice.com\/wp-content\/uploads\/2025\/11\/pdf1-100x100.png 100w\" sizes=\"(max-width: 150px) 100vw, 150px\" \/><\/a><figcaption id=\"caption-attachment-2921\" class=\"wp-caption-text\">Ficha T\u00e9cnica<\/figcaption><\/figure>","protected":false},"excerpt":{"rendered":"<p>Puerta r\u00e1pida de gran resistencia mec\u00e1nica, Instalaci\u00f3n tanto en interiores como en exteriores y especialmente en zonas con viento o con diferenciales de presi\u00f3n.<\/p>\n<h4>Ventajas:<\/h4>\n<ul>\n<li>Reduce las corrientes de Aire (resistencia al viento clase 3).<\/li>\n<li>Gran resistencia a la corrosi\u00f3n.<\/li>\n<li>Puertas remontadas\/preinstaladas.<\/li>\n<li>Sistemas de seguridad integrados (evita da\u00f1os por impacto).<\/li>\n<\/ul>\n<h4>Beneficios:<\/h4>\n<ul>\n<li>Facilita la fluidez de trafico.<\/li>\n<li>Adecuado para exteriores.<\/li>\n<li>Facilita y reduce el tiempo de montaje.<\/li>\n<li>Ahorro de costos.<\/li>\n<\/ul>","protected":false},"featured_media":2755,"comment_status":"closed","ping_status":"closed","template":"","meta":{"site-sidebar-layout":"default","site-content-layout":"","ast-site-content-layout":"default","site-content-style":"default","site-sidebar-style":"default","ast-global-header-display":"","ast-banner-title-visibility":"","ast-main-header-display":"","ast-hfb-above-header-display":"","ast-hfb-below-header-display":"","ast-hfb-mobile-header-display":"","site-post-title":"","ast-breadcrumbs-content":"","ast-featured-img":"","footer-sml-layout":"","theme-transparent-header-meta":"default","adv-header-id-meta":"","stick-header-meta":"","header-above-stick-meta":"","header-main-stick-meta":"","header-below-stick-meta":"","astra-migrate-meta-layouts":"set","ast-page-background-enabled":"default","ast-page-background-meta":{"desktop":{"background-color":"var(--ast-global-color-5)","background-image":"","background-repeat":"repeat","background-position":"center center","background-size":"auto","background-attachment":"scroll","background-type":"","background-media":"","overlay-type":"","overlay-color":"","overlay-opacity":"","overlay-gradient":""},"tablet":{"background-color":"","background-image":"","background-repeat":"repeat","background-position":"center center","background-size":"auto","background-attachment":"scroll","background-type":"","background-media":"","overlay-type":"","overlay-color":"","overlay-opacity":"","overlay-gradient":""},"mobile":{"background-color":"","background-image":"","background-repeat":"repeat","background-position":"center center","background-size":"auto","background-attachment":"scroll","background-type":"","background-media":"","overlay-type":"","overlay-color":"","overlay-opacity":"","overlay-gradient":""}},"ast-content-background-meta":{"desktop":{"background-color":"var(--ast-global-color-4)","background-image":"","background-repeat":"repeat","background-position":"center center","background-size":"auto","background-attachment":"scroll","background-type":"","background-media":"","overlay-type":"","overlay-color":"","overlay-opacity":"","overlay-gradient":""},"tablet":{"background-color":"var(--ast-global-color-4)","background-image":"","background-repeat":"repeat","background-position":"center center","background-size":"auto","background-attachment":"scroll","background-type":"","background-media":"","overlay-type":"","overlay-color":"","overlay-opacity":"","overlay-gradient":""},"mobile":{"background-color":"var(--ast-global-color-4)","background-image":"","background-repeat":"repeat","background-position":"center center","background-size":"auto","background-attachment":"scroll","background-type":"","background-media":"","overlay-type":"","overlay-color":"","overlay-opacity":"","overlay-gradient":""}}},"product_brand":[],"product_cat":[362,344,363],"product_tag":[],"class_list":{"0":"post-2698","1":"product","2":"type-product","3":"status-publish","4":"has-post-thumbnail","6":"product_cat-cortinas-rapidas","7":"product_cat-linea-industrial","8":"product_cat-rapida-apilable","9":"desktop-align-left","10":"tablet-align-left","11":"mobile-align-left","13":"first","14":"onbackorder","15":"shipping-taxable","16":"product-type-simple"},"aioseo_notices":[],"_links":{"self":[{"href":"https:\/\/instecservice.com\/en\/wp-json\/wp\/v2\/product\/2698","targetHints":{"allow":["GET"]}}],"collection":[{"href":"https:\/\/instecservice.com\/en\/wp-json\/wp\/v2\/product"}],"about":[{"href":"https:\/\/instecservice.com\/en\/wp-json\/wp\/v2\/types\/product"}],"replies":[{"embeddable":true,"href":"https:\/\/instecservice.com\/en\/wp-json\/wp\/v2\/comments?post=2698"}],"wp:featuredmedia":[{"embeddable":true,"href":"https:\/\/instecservice.com\/en\/wp-json\/wp\/v2\/media\/2755"}],"wp:attachment":[{"href":"https:\/\/instecservice.com\/en\/wp-json\/wp\/v2\/media?parent=2698"}],"wp:term":[{"taxonomy":"product_brand","embeddable":true,"href":"https:\/\/instecservice.com\/en\/wp-json\/wp\/v2\/product_brand?post=2698"},{"taxonomy":"product_cat","embeddable":true,"href":"https:\/\/instecservice.com\/en\/wp-json\/wp\/v2\/product_cat?post=2698"},{"taxonomy":"product_tag","embeddable":true,"href":"https:\/\/instecservice.com\/en\/wp-json\/wp\/v2\/product_tag?post=2698"}],"curies":[{"name":"wp","href":"https:\/\/api.w.org\/{rel}","templated":true}]}}