{"id":2700,"date":"2025-11-11T19:49:08","date_gmt":"2025-11-11T19:49:08","guid":{"rendered":"https:\/\/sysopweb.com.mx\/Instecservice\/?post_type=product&#038;p=2700"},"modified":"2025-11-26T17:42:03","modified_gmt":"2025-11-26T17:42:03","slug":"bumper-modelo-raa14eg","status":"publish","type":"product","link":"https:\/\/instecservice.com\/en\/product\/bumper-modelo-raa14eg\/","title":{"rendered":"Bumper Modelo RAA14EG"},"content":{"rendered":"<p>El tope de anden provee protecci\u00f3n al and\u00e9n de carga y descarga contra los veh\u00edculos, Proporcionando larga vida a los andenes, puertas o rampas de carga dise\u00f1ado especialmente para andenes de mediano y pesado tr\u00e1fico.<\/p>\n<h4>Material:<\/h4>\n<ul>\n<li>Banda de hule (reforzada con tres capas de lona) transportadora de uso minero reciclada y recortada seg\u00fan la medida.<\/li>\n<li>Laminas de hules fijadas entre \u00e1ngulos y\/o soleras estructurales de acero y barras redondas de acero para fijar.<\/li>\n<li>Proyecci\u00f3n de la banda de hule de 9\u201d.<\/li>\n<\/ul>\n<p>&nbsp;<\/p>\n<figure id=\"attachment_2921\" aria-describedby=\"caption-attachment-2921\" style=\"width: 150px\" class=\"wp-caption aligncenter\"><a href=\"https:\/\/instecservice.com\/wp-content\/uploads\/2020\/02\/MODELO-RAAEG.pdf\"><img decoding=\"async\" class=\"wp-image-2921 size-thumbnail\" src=\"https:\/\/instecservice.com\/wp-content\/uploads\/2025\/11\/pdf1-150x150.png\" alt=\"Ficha T\u00e9cnica\" width=\"150\" height=\"150\" srcset=\"https:\/\/instecservice.com\/wp-content\/uploads\/2025\/11\/pdf1-150x150.png 150w, https:\/\/instecservice.com\/wp-content\/uploads\/2025\/11\/pdf1-11x12.png 11w, https:\/\/instecservice.com\/wp-content\/uploads\/2025\/11\/pdf1-100x100.png 100w\" sizes=\"(max-width: 150px) 100vw, 150px\" \/><\/a><figcaption id=\"caption-attachment-2921\" class=\"wp-caption-text\"><strong><span style=\"color: #000000;\">MEDIDAS<\/span><\/strong><\/figcaption><\/figure>","protected":false},"excerpt":{"rendered":"<ul>\n<li><strong>009-010\u00a0<\/strong>\u2013 Tope Laminado Doble con Pendiente de Inclinaci\u00f3n Mod. RAA14EG Medida: 14&#8243; x 10&#8243; x 9&#8243;<\/li>\n<\/ul>","protected":false},"featured_media":2763,"comment_status":"closed","ping_status":"closed","template":"","meta":{"site-sidebar-layout":"default","site-content-layout":"","ast-site-content-layout":"default","site-content-style":"default","site-sidebar-style":"default","ast-global-header-display":"","ast-banner-title-visibility":"","ast-main-header-display":"","ast-hfb-above-header-display":"","ast-hfb-below-header-display":"","ast-hfb-mobile-header-display":"","site-post-title":"","ast-breadcrumbs-content":"","ast-featured-img":"","footer-sml-layout":"","theme-transparent-header-meta":"default","adv-header-id-meta":"","stick-header-meta":"","header-above-stick-meta":"","header-main-stick-meta":"","header-below-stick-meta":"","astra-migrate-meta-layouts":"set","ast-page-background-enabled":"default","ast-page-background-meta":{"desktop":{"background-color":"var(--ast-global-color-5)","background-image":"","background-repeat":"repeat","background-position":"center center","background-size":"auto","background-attachment":"scroll","background-type":"","background-media":"","overlay-type":"","overlay-color":"","overlay-opacity":"","overlay-gradient":""},"tablet":{"background-color":"","background-image":"","background-repeat":"repeat","background-position":"center center","background-size":"auto","background-attachment":"scroll","background-type":"","background-media":"","overlay-type":"","overlay-color":"","overlay-opacity":"","overlay-gradient":""},"mobile":{"background-color":"","background-image":"","background-repeat":"repeat","background-position":"center center","background-size":"auto","background-attachment":"scroll","background-type":"","background-media":"","overlay-type":"","overlay-color":"","overlay-opacity":"","overlay-gradient":""}},"ast-content-background-meta":{"desktop":{"background-color":"var(--ast-global-color-4)","background-image":"","background-repeat":"repeat","background-position":"center center","background-size":"auto","background-attachment":"scroll","background-type":"","background-media":"","overlay-type":"","overlay-color":"","overlay-opacity":"","overlay-gradient":""},"tablet":{"background-color":"var(--ast-global-color-4)","background-image":"","background-repeat":"repeat","background-position":"center center","background-size":"auto","background-attachment":"scroll","background-type":"","background-media":"","overlay-type":"","overlay-color":"","overlay-opacity":"","overlay-gradient":""},"mobile":{"background-color":"var(--ast-global-color-4)","background-image":"","background-repeat":"repeat","background-position":"center center","background-size":"auto","background-attachment":"scroll","background-type":"","background-media":"","overlay-type":"","overlay-color":"","overlay-opacity":"","overlay-gradient":""}}},"product_brand":[],"product_cat":[344,364],"product_tag":[],"class_list":{"0":"post-2700","1":"product","2":"type-product","3":"status-publish","4":"has-post-thumbnail","6":"product_cat-linea-industrial","7":"product_cat-topes-y-bumpers","8":"desktop-align-left","9":"tablet-align-left","10":"mobile-align-left","12":"first","13":"instock","14":"shipping-taxable","15":"product-type-simple"},"aioseo_notices":[],"_links":{"self":[{"href":"https:\/\/instecservice.com\/en\/wp-json\/wp\/v2\/product\/2700","targetHints":{"allow":["GET"]}}],"collection":[{"href":"https:\/\/instecservice.com\/en\/wp-json\/wp\/v2\/product"}],"about":[{"href":"https:\/\/instecservice.com\/en\/wp-json\/wp\/v2\/types\/product"}],"replies":[{"embeddable":true,"href":"https:\/\/instecservice.com\/en\/wp-json\/wp\/v2\/comments?post=2700"}],"wp:featuredmedia":[{"embeddable":true,"href":"https:\/\/instecservice.com\/en\/wp-json\/wp\/v2\/media\/2763"}],"wp:attachment":[{"href":"https:\/\/instecservice.com\/en\/wp-json\/wp\/v2\/media?parent=2700"}],"wp:term":[{"taxonomy":"product_brand","embeddable":true,"href":"https:\/\/instecservice.com\/en\/wp-json\/wp\/v2\/product_brand?post=2700"},{"taxonomy":"product_cat","embeddable":true,"href":"https:\/\/instecservice.com\/en\/wp-json\/wp\/v2\/product_cat?post=2700"},{"taxonomy":"product_tag","embeddable":true,"href":"https:\/\/instecservice.com\/en\/wp-json\/wp\/v2\/product_tag?post=2700"}],"curies":[{"name":"wp","href":"https:\/\/api.w.org\/{rel}","templated":true}]}}