{"id":2702,"date":"2025-11-11T19:49:09","date_gmt":"2025-11-11T19:49:09","guid":{"rendered":"https:\/\/sysopweb.com.mx\/Instecservice\/?post_type=product&#038;p=2702"},"modified":"2025-11-11T19:50:34","modified_gmt":"2025-11-11T19:50:34","slug":"bumper-modelo-rast10","status":"publish","type":"product","link":"https:\/\/instecservice.com\/en\/product\/bumper-modelo-rast10\/","title":{"rendered":"Bumper Modelo RAST10"},"content":{"rendered":"<p>El tope de anden provee protecci\u00f3n al and\u00e9n de carga y descarga contra los veh\u00edculos, Proporcionando larga vida a los andenes, puertas o rampas de carga dise\u00f1ado especialmente para andenes de mediano y pesado tr\u00e1fico.<\/p>\n<h4>Material:<\/h4>\n<ul>\n<li>Banda de hule (reforzada con tres capas de lona) transportadora de uso minero reciclada y recortada seg\u00fan la medida.<\/li>\n<li>Laminas de hules fijadas entre \u00e1ngulos y\/o soleras estructurales de acero y barras redondas de acero para fijar.<\/li>\n<li>Proyecci\u00f3n de la banda de hule de 4 1\/2\u201d.<\/li>\n<\/ul>\n<p>&nbsp;<\/p>\n<figure id=\"attachment_6543\" aria-describedby=\"caption-attachment-6543\" style=\"width: 82px\" class=\"wp-caption aligncenter\"><a href=\"https:\/\/sysopweb.com.mx\/Instecservice\/wp-content\/uploads\/2020\/02\/MODELO-RAST.pdf\" target=\"_blank\" rel=\"noopener\"><img decoding=\"async\" class=\"wp-image-6543\" title=\"Ficha Tecnica\" src=\"https:\/\/sysopweb.com.mx\/Instecservice\/wp-content\/uploads\/2019\/12\/optmizar-pdf-297x300.png\" alt=\"Ficha Tecnica\" width=\"82\" height=\"83\" \/><\/a><figcaption id=\"caption-attachment-6543\" class=\"wp-caption-text\"><strong><span style=\"color: #000000;\">MEDIDAS<\/span><\/strong><\/figcaption><\/figure>","protected":false},"excerpt":{"rendered":"<h3><\/h3>\n<ul>\n<li><strong>009-014\u00a0<\/strong>\u2013 Tope Laminado Steelface Para Alto Trafico Sin Pendiente Mod. RAST10 Medida: 10&#8243; x 10&#8243; x 4 1\/2&#8243;<\/li>\n<\/ul>","protected":false},"featured_media":2768,"comment_status":"closed","ping_status":"closed","template":"","meta":{"site-sidebar-layout":"default","site-content-layout":"","ast-site-content-layout":"default","site-content-style":"default","site-sidebar-style":"default","ast-global-header-display":"","ast-banner-title-visibility":"","ast-main-header-display":"","ast-hfb-above-header-display":"","ast-hfb-below-header-display":"","ast-hfb-mobile-header-display":"","site-post-title":"","ast-breadcrumbs-content":"","ast-featured-img":"","footer-sml-layout":"","theme-transparent-header-meta":"","adv-header-id-meta":"","stick-header-meta":"","header-above-stick-meta":"","header-main-stick-meta":"","header-below-stick-meta":"","astra-migrate-meta-layouts":"default","ast-page-background-enabled":"default","ast-page-background-meta":{"desktop":{"background-color":"var(--ast-global-color-5)","background-image":"","background-repeat":"repeat","background-position":"center center","background-size":"auto","background-attachment":"scroll","background-type":"","background-media":"","overlay-type":"","overlay-color":"","overlay-opacity":"","overlay-gradient":""},"tablet":{"background-color":"","background-image":"","background-repeat":"repeat","background-position":"center center","background-size":"auto","background-attachment":"scroll","background-type":"","background-media":"","overlay-type":"","overlay-color":"","overlay-opacity":"","overlay-gradient":""},"mobile":{"background-color":"","background-image":"","background-repeat":"repeat","background-position":"center center","background-size":"auto","background-attachment":"scroll","background-type":"","background-media":"","overlay-type":"","overlay-color":"","overlay-opacity":"","overlay-gradient":""}},"ast-content-background-meta":{"desktop":{"background-color":"var(--ast-global-color-4)","background-image":"","background-repeat":"repeat","background-position":"center center","background-size":"auto","background-attachment":"scroll","background-type":"","background-media":"","overlay-type":"","overlay-color":"","overlay-opacity":"","overlay-gradient":""},"tablet":{"background-color":"var(--ast-global-color-4)","background-image":"","background-repeat":"repeat","background-position":"center center","background-size":"auto","background-attachment":"scroll","background-type":"","background-media":"","overlay-type":"","overlay-color":"","overlay-opacity":"","overlay-gradient":""},"mobile":{"background-color":"var(--ast-global-color-4)","background-image":"","background-repeat":"repeat","background-position":"center center","background-size":"auto","background-attachment":"scroll","background-type":"","background-media":"","overlay-type":"","overlay-color":"","overlay-opacity":"","overlay-gradient":""}}},"product_brand":[],"product_cat":[344,364],"product_tag":[],"class_list":{"0":"post-2702","1":"product","2":"type-product","3":"status-publish","4":"has-post-thumbnail","6":"product_cat-linea-industrial","7":"product_cat-topes-y-bumpers","8":"desktop-align-left","9":"tablet-align-left","10":"mobile-align-left","12":"first","13":"instock","14":"shipping-taxable","15":"product-type-simple"},"aioseo_notices":[],"_links":{"self":[{"href":"https:\/\/instecservice.com\/en\/wp-json\/wp\/v2\/product\/2702","targetHints":{"allow":["GET"]}}],"collection":[{"href":"https:\/\/instecservice.com\/en\/wp-json\/wp\/v2\/product"}],"about":[{"href":"https:\/\/instecservice.com\/en\/wp-json\/wp\/v2\/types\/product"}],"replies":[{"embeddable":true,"href":"https:\/\/instecservice.com\/en\/wp-json\/wp\/v2\/comments?post=2702"}],"wp:featuredmedia":[{"embeddable":true,"href":"https:\/\/instecservice.com\/en\/wp-json\/wp\/v2\/media\/2768"}],"wp:attachment":[{"href":"https:\/\/instecservice.com\/en\/wp-json\/wp\/v2\/media?parent=2702"}],"wp:term":[{"taxonomy":"product_brand","embeddable":true,"href":"https:\/\/instecservice.com\/en\/wp-json\/wp\/v2\/product_brand?post=2702"},{"taxonomy":"product_cat","embeddable":true,"href":"https:\/\/instecservice.com\/en\/wp-json\/wp\/v2\/product_cat?post=2702"},{"taxonomy":"product_tag","embeddable":true,"href":"https:\/\/instecservice.com\/en\/wp-json\/wp\/v2\/product_tag?post=2702"}],"curies":[{"name":"wp","href":"https:\/\/api.w.org\/{rel}","templated":true}]}}