{"id":2704,"date":"2025-11-11T19:49:09","date_gmt":"2025-11-11T19:49:09","guid":{"rendered":"https:\/\/sysopweb.com.mx\/Instecservice\/?post_type=product&#038;p=2704"},"modified":"2025-11-26T17:49:09","modified_gmt":"2025-11-26T17:49:09","slug":"wheel-shock-laminado-wsh-1","status":"publish","type":"product","link":"https:\/\/instecservice.com\/en\/product\/wheel-shock-laminado-wsh-1\/","title":{"rendered":"Wheel Shock Laminado WSH-1"},"content":{"rendered":"<p>Nuestros topes son fabricados en medida y dureza de acuerdo a los est\u00e1ndares que se manejan hoy d\u00eda en la industria y son de muy alta eficiencia ya que s\u00ed aseguran la inmovilizaci\u00f3n de llantas al contar con la altura necesaria para que no puedan seguir rodando sobre los topes.<\/p>\n<p>Brinda una excelente protecci\u00f3n contra probables accidentes de veh\u00edculos, para los trailers y camiones pesados que son estacionados en las calles o dentro de alg\u00fan estacionamiento poco inclinado.<\/p>\n<p>Tambi\u00e9n se encargan de proporcionar ayuda en el momento que el veh\u00edculo\/cami\u00f3n se encuentra listo para ser cargado o descargado.<\/p>\n<p>La tracci\u00f3n m\u00e1xima entre los neum\u00e1ticos y las superficies del estacionamiento hace esta cu\u00f1a de goma sea aplicable a muchas superficies.<\/p>\n<h4>Material:<\/h4>\n<div>\u2022Material de gran resistencia.<\/div>\n<div>\u2022No requieren mantenimiento.<\/div>\n<div>\u2022La manija a un costado sirve para enganchar una cadena.<\/div>\n<div>\u2022Su construccion esensamblado con pernos de 3\/4&#8243;.<\/div>\n<div>\u2022Prensado entre placas de acero de 1\/4&#8243;.<\/div>\n<p>&nbsp;<\/p>\n<figure id=\"attachment_2921\" aria-describedby=\"caption-attachment-2921\" style=\"width: 150px\" class=\"wp-caption aligncenter\"><a href=\"https:\/\/instecservice.com\/wp-content\/uploads\/2020\/02\/Ficha-tecnica-Wheel-Shock-WSH-1-RoyalSeal-.pdf\" target=\"_blank\" rel=\"noopener\"><img decoding=\"async\" class=\"wp-image-2921 size-thumbnail\" src=\"https:\/\/instecservice.com\/wp-content\/uploads\/2025\/11\/pdf1-150x150.png\" alt=\"Ficha T\u00e9cnica\" width=\"150\" height=\"150\" srcset=\"https:\/\/instecservice.com\/wp-content\/uploads\/2025\/11\/pdf1-150x150.png 150w, https:\/\/instecservice.com\/wp-content\/uploads\/2025\/11\/pdf1-11x12.png 11w, https:\/\/instecservice.com\/wp-content\/uploads\/2025\/11\/pdf1-100x100.png 100w\" sizes=\"(max-width: 150px) 100vw, 150px\" \/><\/a><figcaption id=\"caption-attachment-2921\" class=\"wp-caption-text\"><strong><span style=\"color: #000000;\">FICHA TECNICA<\/span><\/strong><\/figcaption><\/figure>","protected":false},"excerpt":{"rendered":"<h3><\/h3>\n<ul>\n<li><strong>009-024\u00a0<\/strong>\u2013 Wheel Shock Laminado Modelo WSH-1<\/li>\n<\/ul>","protected":false},"featured_media":2780,"comment_status":"closed","ping_status":"closed","template":"","meta":{"site-sidebar-layout":"default","site-content-layout":"","ast-site-content-layout":"default","site-content-style":"default","site-sidebar-style":"default","ast-global-header-display":"","ast-banner-title-visibility":"","ast-main-header-display":"","ast-hfb-above-header-display":"","ast-hfb-below-header-display":"","ast-hfb-mobile-header-display":"","site-post-title":"","ast-breadcrumbs-content":"","ast-featured-img":"","footer-sml-layout":"","theme-transparent-header-meta":"default","adv-header-id-meta":"","stick-header-meta":"","header-above-stick-meta":"","header-main-stick-meta":"","header-below-stick-meta":"","astra-migrate-meta-layouts":"set","ast-page-background-enabled":"default","ast-page-background-meta":{"desktop":{"background-color":"var(--ast-global-color-5)","background-image":"","background-repeat":"repeat","background-position":"center center","background-size":"auto","background-attachment":"scroll","background-type":"","background-media":"","overlay-type":"","overlay-color":"","overlay-opacity":"","overlay-gradient":""},"tablet":{"background-color":"","background-image":"","background-repeat":"repeat","background-position":"center center","background-size":"auto","background-attachment":"scroll","background-type":"","background-media":"","overlay-type":"","overlay-color":"","overlay-opacity":"","overlay-gradient":""},"mobile":{"background-color":"","background-image":"","background-repeat":"repeat","background-position":"center center","background-size":"auto","background-attachment":"scroll","background-type":"","background-media":"","overlay-type":"","overlay-color":"","overlay-opacity":"","overlay-gradient":""}},"ast-content-background-meta":{"desktop":{"background-color":"var(--ast-global-color-4)","background-image":"","background-repeat":"repeat","background-position":"center center","background-size":"auto","background-attachment":"scroll","background-type":"","background-media":"","overlay-type":"","overlay-color":"","overlay-opacity":"","overlay-gradient":""},"tablet":{"background-color":"var(--ast-global-color-4)","background-image":"","background-repeat":"repeat","background-position":"center center","background-size":"auto","background-attachment":"scroll","background-type":"","background-media":"","overlay-type":"","overlay-color":"","overlay-opacity":"","overlay-gradient":""},"mobile":{"background-color":"var(--ast-global-color-4)","background-image":"","background-repeat":"repeat","background-position":"center center","background-size":"auto","background-attachment":"scroll","background-type":"","background-media":"","overlay-type":"","overlay-color":"","overlay-opacity":"","overlay-gradient":""}}},"product_brand":[],"product_cat":[344,364],"product_tag":[],"class_list":{"0":"post-2704","1":"product","2":"type-product","3":"status-publish","4":"has-post-thumbnail","6":"product_cat-linea-industrial","7":"product_cat-topes-y-bumpers","8":"desktop-align-left","9":"tablet-align-left","10":"mobile-align-left","12":"first","13":"instock","14":"shipping-taxable","15":"product-type-simple"},"aioseo_notices":[],"_links":{"self":[{"href":"https:\/\/instecservice.com\/en\/wp-json\/wp\/v2\/product\/2704","targetHints":{"allow":["GET"]}}],"collection":[{"href":"https:\/\/instecservice.com\/en\/wp-json\/wp\/v2\/product"}],"about":[{"href":"https:\/\/instecservice.com\/en\/wp-json\/wp\/v2\/types\/product"}],"replies":[{"embeddable":true,"href":"https:\/\/instecservice.com\/en\/wp-json\/wp\/v2\/comments?post=2704"}],"wp:featuredmedia":[{"embeddable":true,"href":"https:\/\/instecservice.com\/en\/wp-json\/wp\/v2\/media\/2780"}],"wp:attachment":[{"href":"https:\/\/instecservice.com\/en\/wp-json\/wp\/v2\/media?parent=2704"}],"wp:term":[{"taxonomy":"product_brand","embeddable":true,"href":"https:\/\/instecservice.com\/en\/wp-json\/wp\/v2\/product_brand?post=2704"},{"taxonomy":"product_cat","embeddable":true,"href":"https:\/\/instecservice.com\/en\/wp-json\/wp\/v2\/product_cat?post=2704"},{"taxonomy":"product_tag","embeddable":true,"href":"https:\/\/instecservice.com\/en\/wp-json\/wp\/v2\/product_tag?post=2704"}],"curies":[{"name":"wp","href":"https:\/\/api.w.org\/{rel}","templated":true}]}}