{"id":2744,"date":"2025-11-11T19:49:34","date_gmt":"2025-11-11T19:49:34","guid":{"rendered":"https:\/\/sysopweb.com.mx\/Instecservice\/?post_type=product&#038;p=2744"},"modified":"2025-11-26T16:12:26","modified_gmt":"2025-11-26T16:12:26","slug":"cortina-de-aire-serie-caf","status":"publish","type":"product","link":"https:\/\/instecservice.com\/en\/product\/cortina-de-aire-serie-caf\/","title":{"rendered":"Cortina de Aire Serie CAF"},"content":{"rendered":"<ul>\n<li>Turbinas con operaci\u00f3n silenciosa, fabricadas con estrictas normas de balanceo.<\/li>\n<li>Motor monof\u00e1sico de bajo consumo, con protecci\u00f3n t\u00e9rmica.<\/li>\n<li>Gabinete compacto y ligero con reja de aspiraci\u00f3n formando un conjunto est\u00e9tico.<\/li>\n<li>Descarga dise\u00f1ada para un paso de aire con la menor turbulencia para reducir el nivel sonoro con aletas de orientaci\u00f3n de difusi\u00f3n.<\/li>\n<li>Con control de operaci\u00f3n en gabinete y remoto, con dos velocidades de operaci\u00f3n.<\/li>\n<\/ul>\n<figure id=\"attachment_2921\" aria-describedby=\"caption-attachment-2921\" style=\"width: 150px\" class=\"wp-caption aligncenter\"><a href=\"https:\/\/instecservice.com\/wp-content\/uploads\/2020\/02\/SERIE-CAF.pdf\"><img decoding=\"async\" class=\"wp-image-2921 size-thumbnail\" src=\"https:\/\/instecservice.com\/wp-content\/uploads\/2025\/11\/pdf1-150x150.png\" alt=\"\" width=\"150\" height=\"150\" srcset=\"https:\/\/instecservice.com\/wp-content\/uploads\/2025\/11\/pdf1-150x150.png 150w, https:\/\/instecservice.com\/wp-content\/uploads\/2025\/11\/pdf1-11x12.png 11w, https:\/\/instecservice.com\/wp-content\/uploads\/2025\/11\/pdf1-100x100.png 100w\" sizes=\"(max-width: 150px) 100vw, 150px\" \/><\/a><figcaption id=\"caption-attachment-2921\" class=\"wp-caption-text\">Ficha T\u00e9cnica<\/figcaption><\/figure>","protected":false},"excerpt":{"rendered":"<p>Cortina de aire COMERCIAL, acabada en pintura epoxica de alta resistencia, aplicaciones en centros comerciales, escuelas, donde se necesiten sistemas de control de ambiente con barrido de aire, 127 volts, 2 velocidades, control remoto inalambrico.<\/p>\n<p>Productos:<\/p>\n<ul>\n<li><strong>040-086<\/strong>\u00a0&#8211; CAF 36 pulgadas.<\/li>\n<li><strong>040-088<\/strong>\u00a0&#8211; CAF 48 pulgadas.<\/li>\n<\/ul>","protected":false},"featured_media":2837,"comment_status":"closed","ping_status":"closed","template":"","meta":{"site-sidebar-layout":"default","site-content-layout":"","ast-site-content-layout":"default","site-content-style":"default","site-sidebar-style":"default","ast-global-header-display":"","ast-banner-title-visibility":"","ast-main-header-display":"","ast-hfb-above-header-display":"","ast-hfb-below-header-display":"","ast-hfb-mobile-header-display":"","site-post-title":"","ast-breadcrumbs-content":"","ast-featured-img":"","footer-sml-layout":"","theme-transparent-header-meta":"default","adv-header-id-meta":"","stick-header-meta":"","header-above-stick-meta":"","header-main-stick-meta":"","header-below-stick-meta":"","astra-migrate-meta-layouts":"set","ast-page-background-enabled":"default","ast-page-background-meta":{"desktop":{"background-color":"var(--ast-global-color-5)","background-image":"","background-repeat":"repeat","background-position":"center center","background-size":"auto","background-attachment":"scroll","background-type":"","background-media":"","overlay-type":"","overlay-color":"","overlay-opacity":"","overlay-gradient":""},"tablet":{"background-color":"","background-image":"","background-repeat":"repeat","background-position":"center center","background-size":"auto","background-attachment":"scroll","background-type":"","background-media":"","overlay-type":"","overlay-color":"","overlay-opacity":"","overlay-gradient":""},"mobile":{"background-color":"","background-image":"","background-repeat":"repeat","background-position":"center center","background-size":"auto","background-attachment":"scroll","background-type":"","background-media":"","overlay-type":"","overlay-color":"","overlay-opacity":"","overlay-gradient":""}},"ast-content-background-meta":{"desktop":{"background-color":"var(--ast-global-color-4)","background-image":"","background-repeat":"repeat","background-position":"center center","background-size":"auto","background-attachment":"scroll","background-type":"","background-media":"","overlay-type":"","overlay-color":"","overlay-opacity":"","overlay-gradient":""},"tablet":{"background-color":"var(--ast-global-color-4)","background-image":"","background-repeat":"repeat","background-position":"center center","background-size":"auto","background-attachment":"scroll","background-type":"","background-media":"","overlay-type":"","overlay-color":"","overlay-opacity":"","overlay-gradient":""},"mobile":{"background-color":"var(--ast-global-color-4)","background-image":"","background-repeat":"repeat","background-position":"center center","background-size":"auto","background-attachment":"scroll","background-type":"","background-media":"","overlay-type":"","overlay-color":"","overlay-opacity":"","overlay-gradient":""}}},"product_brand":[],"product_cat":[368,367,344],"product_tag":[],"class_list":{"0":"post-2744","1":"product","2":"type-product","3":"status-publish","4":"has-post-thumbnail","6":"product_cat-caf","7":"product_cat-cortinas-de-aire","8":"product_cat-linea-industrial","9":"desktop-align-left","10":"tablet-align-left","11":"mobile-align-left","13":"first","14":"onbackorder","15":"shipping-taxable","16":"product-type-simple"},"aioseo_notices":[],"_links":{"self":[{"href":"https:\/\/instecservice.com\/en\/wp-json\/wp\/v2\/product\/2744","targetHints":{"allow":["GET"]}}],"collection":[{"href":"https:\/\/instecservice.com\/en\/wp-json\/wp\/v2\/product"}],"about":[{"href":"https:\/\/instecservice.com\/en\/wp-json\/wp\/v2\/types\/product"}],"replies":[{"embeddable":true,"href":"https:\/\/instecservice.com\/en\/wp-json\/wp\/v2\/comments?post=2744"}],"wp:featuredmedia":[{"embeddable":true,"href":"https:\/\/instecservice.com\/en\/wp-json\/wp\/v2\/media\/2837"}],"wp:attachment":[{"href":"https:\/\/instecservice.com\/en\/wp-json\/wp\/v2\/media?parent=2744"}],"wp:term":[{"taxonomy":"product_brand","embeddable":true,"href":"https:\/\/instecservice.com\/en\/wp-json\/wp\/v2\/product_brand?post=2744"},{"taxonomy":"product_cat","embeddable":true,"href":"https:\/\/instecservice.com\/en\/wp-json\/wp\/v2\/product_cat?post=2744"},{"taxonomy":"product_tag","embeddable":true,"href":"https:\/\/instecservice.com\/en\/wp-json\/wp\/v2\/product_tag?post=2744"}],"curies":[{"name":"wp","href":"https:\/\/api.w.org\/{rel}","templated":true}]}}