{"id":2771,"date":"2025-11-11T19:50:37","date_gmt":"2025-11-11T19:50:37","guid":{"rendered":"https:\/\/sysopweb.com.mx\/Instecservice\/?post_type=product&#038;p=2771"},"modified":"2025-11-26T15:56:12","modified_gmt":"2025-11-26T15:56:12","slug":"cortina-rapida-industrial","status":"publish","type":"product","link":"https:\/\/instecservice.com\/en\/product\/cortina-rapida-industrial\/","title":{"rendered":"Cortina Rapida Industrial"},"content":{"rendered":"<ul>\n<li>Posibilidad de grandes dimensiones hasta 4000&#215;4000 mm.<\/li>\n<li>Motor horizontal, desbloqueo por tiradores y cadena.<\/li>\n<li>Puerta Fabricada completamente en acero inoxidable (gu\u00edas, dintel, consola, pies y torniller\u00eda en inox 304).<\/li>\n<li>M\u00faltiples accesorios para apertura: radar, tirador, campo magn\u00e9tico, mando y sensor de detecci\u00f3n Tof Spot.<\/li>\n<li>Cubremotor.<\/li>\n<li>Opci\u00f3n de cuadro Infraca IF10VF con conexi\u00f3n monofasica, uso a 220V, 110V, o 60Hz, v=1,2 m\/s con variador.<\/li>\n<li>Sistema de alimentaci\u00f3n ininterrumpida monof\u00f3nico 1200w (SAI).<\/li>\n<li>Mirillas adicionales o a medida.<\/li>\n<\/ul>\n<figure id=\"attachment_2921\" aria-describedby=\"caption-attachment-2921\" style=\"width: 150px\" class=\"wp-caption aligncenter\"><a href=\"https:\/\/instecservice.com\/wp-content\/uploads\/2020\/02\/Ficha-Tecnica-rapida-enrollable-industrial-comprimido.pdf\" target=\"_blank\" rel=\"noopener\"><img decoding=\"async\" class=\"wp-image-2921 size-thumbnail\" src=\"https:\/\/instecservice.com\/wp-content\/uploads\/2025\/11\/pdf1-150x150.png\" alt=\"\" width=\"150\" height=\"150\" srcset=\"https:\/\/instecservice.com\/wp-content\/uploads\/2025\/11\/pdf1-150x150.png 150w, https:\/\/instecservice.com\/wp-content\/uploads\/2025\/11\/pdf1-11x12.png 11w, https:\/\/instecservice.com\/wp-content\/uploads\/2025\/11\/pdf1-100x100.png 100w\" sizes=\"(max-width: 150px) 100vw, 150px\" \/><\/a><figcaption id=\"caption-attachment-2921\" class=\"wp-caption-text\">Ficha T\u00e9cnica<\/figcaption><\/figure>","protected":false},"excerpt":{"rendered":"<p>Puertas para zonas de alto transito y necesidad de maniobras r\u00e1pidas de apertura y cierre. Instalaci\u00f3n en cualquier sector industrial: agroalimentario, log\u00edstico, autom\u00f3vil, farmac\u00e9utico.<\/p>\n<h4>Ventajas:<\/h4>\n<ul>\n<li>Certificaci\u00f3n UNE-EN 13241-1 con resistencia al viento Clase2 con marcado CE.<\/li>\n<li>Las puertas se suministran preinstaladas y con toda la torniller\u00eda.<\/li>\n<li>F\u00e1cil programaci\u00f3n y regulaci\u00f3n.<\/li>\n<li>Bajo mantenimiento.<\/li>\n<li>Unico sistema de seguridad.<\/li>\n<\/ul>\n<h4>Beneficios:<\/h4>\n<ul>\n<li>Seguridad y garantia de funcionamiento.<\/li>\n<li>Ahorro de tiempos y costos.<\/li>\n<li>Instalaci\u00f3n f\u00e1cil y muy rapida.<\/li>\n<li>Ahorro de costos.<\/li>\n<\/ul>","protected":false},"featured_media":2839,"comment_status":"closed","ping_status":"closed","template":"","meta":{"site-sidebar-layout":"default","site-content-layout":"","ast-site-content-layout":"default","site-content-style":"default","site-sidebar-style":"default","ast-global-header-display":"","ast-banner-title-visibility":"","ast-main-header-display":"","ast-hfb-above-header-display":"","ast-hfb-below-header-display":"","ast-hfb-mobile-header-display":"","site-post-title":"","ast-breadcrumbs-content":"","ast-featured-img":"","footer-sml-layout":"","theme-transparent-header-meta":"default","adv-header-id-meta":"","stick-header-meta":"","header-above-stick-meta":"","header-main-stick-meta":"","header-below-stick-meta":"","astra-migrate-meta-layouts":"set","ast-page-background-enabled":"default","ast-page-background-meta":{"desktop":{"background-color":"var(--ast-global-color-5)","background-image":"","background-repeat":"repeat","background-position":"center center","background-size":"auto","background-attachment":"scroll","background-type":"","background-media":"","overlay-type":"","overlay-color":"","overlay-opacity":"","overlay-gradient":""},"tablet":{"background-color":"","background-image":"","background-repeat":"repeat","background-position":"center center","background-size":"auto","background-attachment":"scroll","background-type":"","background-media":"","overlay-type":"","overlay-color":"","overlay-opacity":"","overlay-gradient":""},"mobile":{"background-color":"","background-image":"","background-repeat":"repeat","background-position":"center center","background-size":"auto","background-attachment":"scroll","background-type":"","background-media":"","overlay-type":"","overlay-color":"","overlay-opacity":"","overlay-gradient":""}},"ast-content-background-meta":{"desktop":{"background-color":"var(--ast-global-color-4)","background-image":"","background-repeat":"repeat","background-position":"center center","background-size":"auto","background-attachment":"scroll","background-type":"","background-media":"","overlay-type":"","overlay-color":"","overlay-opacity":"","overlay-gradient":""},"tablet":{"background-color":"var(--ast-global-color-4)","background-image":"","background-repeat":"repeat","background-position":"center center","background-size":"auto","background-attachment":"scroll","background-type":"","background-media":"","overlay-type":"","overlay-color":"","overlay-opacity":"","overlay-gradient":""},"mobile":{"background-color":"var(--ast-global-color-4)","background-image":"","background-repeat":"repeat","background-position":"center center","background-size":"auto","background-attachment":"scroll","background-type":"","background-media":"","overlay-type":"","overlay-color":"","overlay-opacity":"","overlay-gradient":""}}},"product_brand":[],"product_cat":[362,344,370],"product_tag":[],"class_list":{"0":"post-2771","1":"product","2":"type-product","3":"status-publish","4":"has-post-thumbnail","6":"product_cat-cortinas-rapidas","7":"product_cat-linea-industrial","8":"product_cat-rapida-industrial","9":"desktop-align-left","10":"tablet-align-left","11":"mobile-align-left","13":"first","14":"onbackorder","15":"shipping-taxable","16":"product-type-simple"},"aioseo_notices":[],"_links":{"self":[{"href":"https:\/\/instecservice.com\/en\/wp-json\/wp\/v2\/product\/2771","targetHints":{"allow":["GET"]}}],"collection":[{"href":"https:\/\/instecservice.com\/en\/wp-json\/wp\/v2\/product"}],"about":[{"href":"https:\/\/instecservice.com\/en\/wp-json\/wp\/v2\/types\/product"}],"replies":[{"embeddable":true,"href":"https:\/\/instecservice.com\/en\/wp-json\/wp\/v2\/comments?post=2771"}],"wp:featuredmedia":[{"embeddable":true,"href":"https:\/\/instecservice.com\/en\/wp-json\/wp\/v2\/media\/2839"}],"wp:attachment":[{"href":"https:\/\/instecservice.com\/en\/wp-json\/wp\/v2\/media?parent=2771"}],"wp:term":[{"taxonomy":"product_brand","embeddable":true,"href":"https:\/\/instecservice.com\/en\/wp-json\/wp\/v2\/product_brand?post=2771"},{"taxonomy":"product_cat","embeddable":true,"href":"https:\/\/instecservice.com\/en\/wp-json\/wp\/v2\/product_cat?post=2771"},{"taxonomy":"product_tag","embeddable":true,"href":"https:\/\/instecservice.com\/en\/wp-json\/wp\/v2\/product_tag?post=2771"}],"curies":[{"name":"wp","href":"https:\/\/api.w.org\/{rel}","templated":true}]}}