{"id":2772,"date":"2025-11-11T19:50:37","date_gmt":"2025-11-11T19:50:37","guid":{"rendered":"https:\/\/sysopweb.com.mx\/Instecservice\/?post_type=product&#038;p=2772"},"modified":"2025-11-26T15:53:24","modified_gmt":"2025-11-26T15:53:24","slug":"gancho-hidraulico-svr303","status":"publish","type":"product","link":"https:\/\/instecservice.com\/en\/product\/gancho-hidraulico-svr303\/","title":{"rendered":"Gancho Hidr\u00e1ulico SVR303"},"content":{"rendered":"<p>Comprobado y aprobado por ANSI MH30.3, el SVR303 StrongArm\u2122 presenta un dise\u00f1o de bajo perfil sin impactos, con un brazo giratorio que detecta la barra ICC de un remolque mediante tecnolog\u00eda patentada sin interruptores.<\/p>\n<h5>Dise\u00f1o y Operaci\u00f3n Inovadora:<\/h5>\n<ul>\n<li>Con uno de los perfiles m\u00e1s bajos en la industria (8&#8243;\/203 mm), permite reducir el riesgo de da\u00f1os por impacto.<\/li>\n<li>El rango de retenci\u00f3n vertical de 8&#8243; a 26&#8243; (203 mm a 660 mm) sobre el nivel del suelo con un m\u00ednimo de 4&#8243; (102 mm) de espacio de contacto requerido<\/li>\n<li>Rango de retenci\u00f3n horizontal hasta 13&#8243; (330 mm) desde la cara del muelle<\/li>\n<li>Un brazo de retenci\u00f3n tipo barrera de alta visibilidad que utiliza enganche pasivo para mantener segura la barra ICC, lo que resulta en menor desgaste y un menor costo de propiedad durante su vida \u00fatil<\/li>\n<li>Un Sistema de Posicionamiento Inteligente (SPI) que no utiliza interruptores y sensores mec\u00e1nicos para detectar la barra ICC, lo que resulta en un desempe\u00f1o m\u00e1s confiable<\/li>\n<li>Sistema de bloqueo mec\u00e1nico doble PosiLock\u2122 que protege contra la separaci\u00f3n accidental del remolque y asegura un desempe\u00f1o seguro y confiable durante todas las etapas del ciclo de enganche<\/li>\n<li>Sumergible: los cilindros hidr\u00e1ulicos de doble acci\u00f3n y sensores NEMA6 IPS mantienen la operaci\u00f3n segura y eficiente de la unidad en condiciones h\u00famedas o de inundaci\u00f3n<\/li>\n<li>El brazo de retenci\u00f3n desplaza o desintegra obst\u00e1culos que le impiden estacionarse adecuadamente<\/li>\n<\/ul>\n<p>&nbsp;<\/p>\n<figure id=\"attachment_2921\" aria-describedby=\"caption-attachment-2921\" style=\"width: 150px\" class=\"wp-caption aligncenter\"><a href=\"https:\/\/instecservice.com\/wp-content\/uploads\/2020\/02\/038-701S_SVR303_OwnersManual_August2014-min.pdf\" target=\"_blank\" rel=\"noopener\"><img decoding=\"async\" class=\"wp-image-2921 size-thumbnail\" src=\"https:\/\/instecservice.com\/wp-content\/uploads\/2025\/11\/pdf1-150x150.png\" alt=\"\" width=\"150\" height=\"150\" srcset=\"https:\/\/instecservice.com\/wp-content\/uploads\/2025\/11\/pdf1-150x150.png 150w, https:\/\/instecservice.com\/wp-content\/uploads\/2025\/11\/pdf1-11x12.png 11w, https:\/\/instecservice.com\/wp-content\/uploads\/2025\/11\/pdf1-100x100.png 100w\" sizes=\"(max-width: 150px) 100vw, 150px\" \/><\/a><figcaption id=\"caption-attachment-2921\" class=\"wp-caption-text\">Manual<\/figcaption><\/figure>","protected":false},"excerpt":{"rendered":"<p><span lang=\"es\">Ofrece funcionalidad y seguridad avanzadas para cargar las operaciones del muelle. Un brazo de restricci\u00f3n de estilo de barrera de alta visibilidad que utiliza un acoplamiento pasivo mantiene asegurada una barra ICC, lo que resulta en menos desgaste y un menor costo de propiedad de por vida. Sensor IPS patentado para una detecci\u00f3n precisa de barras ICC Sumergible: puede funcionar en condiciones h\u00famedas o inundadas Sistema de bloqueo mec\u00e1nico doble PosiLock \u2122 para una sujeci\u00f3n s\u00f3lida.<\/span><\/p>","protected":false},"featured_media":2844,"comment_status":"closed","ping_status":"closed","template":"","meta":{"site-sidebar-layout":"default","site-content-layout":"","ast-site-content-layout":"default","site-content-style":"default","site-sidebar-style":"default","ast-global-header-display":"","ast-banner-title-visibility":"","ast-main-header-display":"","ast-hfb-above-header-display":"","ast-hfb-below-header-display":"","ast-hfb-mobile-header-display":"","site-post-title":"","ast-breadcrumbs-content":"","ast-featured-img":"","footer-sml-layout":"","theme-transparent-header-meta":"default","adv-header-id-meta":"","stick-header-meta":"","header-above-stick-meta":"","header-main-stick-meta":"","header-below-stick-meta":"","astra-migrate-meta-layouts":"set","ast-page-background-enabled":"default","ast-page-background-meta":{"desktop":{"background-color":"var(--ast-global-color-5)","background-image":"","background-repeat":"repeat","background-position":"center center","background-size":"auto","background-attachment":"scroll","background-type":"","background-media":"","overlay-type":"","overlay-color":"","overlay-opacity":"","overlay-gradient":""},"tablet":{"background-color":"","background-image":"","background-repeat":"repeat","background-position":"center center","background-size":"auto","background-attachment":"scroll","background-type":"","background-media":"","overlay-type":"","overlay-color":"","overlay-opacity":"","overlay-gradient":""},"mobile":{"background-color":"","background-image":"","background-repeat":"repeat","background-position":"center center","background-size":"auto","background-attachment":"scroll","background-type":"","background-media":"","overlay-type":"","overlay-color":"","overlay-opacity":"","overlay-gradient":""}},"ast-content-background-meta":{"desktop":{"background-color":"var(--ast-global-color-4)","background-image":"","background-repeat":"repeat","background-position":"center center","background-size":"auto","background-attachment":"scroll","background-type":"","background-media":"","overlay-type":"","overlay-color":"","overlay-opacity":"","overlay-gradient":""},"tablet":{"background-color":"var(--ast-global-color-4)","background-image":"","background-repeat":"repeat","background-position":"center center","background-size":"auto","background-attachment":"scroll","background-type":"","background-media":"","overlay-type":"","overlay-color":"","overlay-opacity":"","overlay-gradient":""},"mobile":{"background-color":"var(--ast-global-color-4)","background-image":"","background-repeat":"repeat","background-position":"center center","background-size":"auto","background-attachment":"scroll","background-type":"","background-media":"","overlay-type":"","overlay-color":"","overlay-opacity":"","overlay-gradient":""}}},"product_brand":[],"product_cat":[350,344],"product_tag":[],"class_list":{"0":"post-2772","1":"product","2":"type-product","3":"status-publish","4":"has-post-thumbnail","6":"product_cat-ganchos-de-retencion","7":"product_cat-linea-industrial","8":"desktop-align-left","9":"tablet-align-left","10":"mobile-align-left","12":"first","13":"onbackorder","14":"shipping-taxable","15":"product-type-simple"},"aioseo_notices":[],"_links":{"self":[{"href":"https:\/\/instecservice.com\/en\/wp-json\/wp\/v2\/product\/2772","targetHints":{"allow":["GET"]}}],"collection":[{"href":"https:\/\/instecservice.com\/en\/wp-json\/wp\/v2\/product"}],"about":[{"href":"https:\/\/instecservice.com\/en\/wp-json\/wp\/v2\/types\/product"}],"replies":[{"embeddable":true,"href":"https:\/\/instecservice.com\/en\/wp-json\/wp\/v2\/comments?post=2772"}],"wp:featuredmedia":[{"embeddable":true,"href":"https:\/\/instecservice.com\/en\/wp-json\/wp\/v2\/media\/2844"}],"wp:attachment":[{"href":"https:\/\/instecservice.com\/en\/wp-json\/wp\/v2\/media?parent=2772"}],"wp:term":[{"taxonomy":"product_brand","embeddable":true,"href":"https:\/\/instecservice.com\/en\/wp-json\/wp\/v2\/product_brand?post=2772"},{"taxonomy":"product_cat","embeddable":true,"href":"https:\/\/instecservice.com\/en\/wp-json\/wp\/v2\/product_cat?post=2772"},{"taxonomy":"product_tag","embeddable":true,"href":"https:\/\/instecservice.com\/en\/wp-json\/wp\/v2\/product_tag?post=2772"}],"curies":[{"name":"wp","href":"https:\/\/api.w.org\/{rel}","templated":true}]}}