{"id":2774,"date":"2025-11-11T19:50:37","date_gmt":"2025-11-11T19:50:37","guid":{"rendered":"https:\/\/sysopweb.com.mx\/Instecservice\/?post_type=product&#038;p=2774"},"modified":"2025-11-26T15:42:52","modified_gmt":"2025-11-26T15:42:52","slug":"gancho-hidraulico-tl85","status":"publish","type":"product","link":"https:\/\/instecservice.com\/en\/product\/gancho-hidraulico-tl85\/","title":{"rendered":"Gancho Hidr\u00e1ulico TL85"},"content":{"rendered":"<p>Los camiones y remolques son sujetados por un brazo de retenci\u00f3n tipo barrera de alta visibilidad, y una fuerza de retenci\u00f3n de 32,000 lb (14,545 kg) impide la separaci\u00f3n accidental del muelle de carga durante el proceso de gesti\u00f3n de cargamento.<\/p>\n<p>Operaci\u00f3n Sin Impacto<\/p>\n<ul>\n<li>Las barras ICC se aseguran mediante enganche pasivo, lo que genera menos desgaste en los componentes retenedores y, por consiguiente, reduce los requisitos de mantenimiento.<\/li>\n<li>El interruptor de presi\u00f3n autom\u00e1tica interna mantiene el brazo en la posici\u00f3n bloqueada mientras se encuentra en operaci\u00f3n.<\/li>\n<li>Compatible con sistemas de suspensi\u00f3n neum\u00e1tica.<\/li>\n<li>La tecnolog\u00eda aseguradora VersaLock\u2122 permite al brazo de retenci\u00f3n bloquearse en cualquier \u00e1ngulo entre 45 y 90 grados.<\/li>\n<li>Perfecto para aplicaciones que involucran una variedad de configuraciones de cami\u00f3n, incluyendo aquellas con barras ICC dobladas o da\u00f1adas.<\/li>\n<li>Sirve para camiones con barras ICC desde 12&#8243; a 26&#8243; (305 mm a 660 mm) sobre el suelo.<\/li>\n<li>Rango de retenci\u00f3n horizontal hasta 12&#8243; (305 mm) fuera de la cara del muelle.<\/li>\n<li>Si un obst\u00e1culo impide que el brazo de retenci\u00f3n se estacione adecuadamente, el brazo lo desplazar\u00e1.<\/li>\n<\/ul>\n<p>&nbsp;<\/p>\n<figure id=\"attachment_2921\" aria-describedby=\"caption-attachment-2921\" style=\"width: 150px\" class=\"wp-caption aligncenter\"><a href=\"https:\/\/instecservice.com\/wp-content\/uploads\/2020\/02\/038-967E_TL85_OwnersManual_V4_August-2018-min.pdf\" target=\"_blank\" rel=\"noopener\"><img decoding=\"async\" class=\"wp-image-2921 size-thumbnail\" title=\"Ficha Tecnica\" src=\"https:\/\/instecservice.com\/wp-content\/uploads\/2025\/11\/pdf1-150x150.png\" alt=\"\" width=\"150\" height=\"150\" srcset=\"https:\/\/instecservice.com\/wp-content\/uploads\/2025\/11\/pdf1-150x150.png 150w, https:\/\/instecservice.com\/wp-content\/uploads\/2025\/11\/pdf1-11x12.png 11w, https:\/\/instecservice.com\/wp-content\/uploads\/2025\/11\/pdf1-100x100.png 100w\" sizes=\"(max-width: 150px) 100vw, 150px\" \/><\/a><figcaption id=\"caption-attachment-2921\" class=\"wp-caption-text\">Manual<\/figcaption><\/figure>","protected":false},"excerpt":{"rendered":"<p>El retenedor hidr\u00e1ulico de veh\u00edculo TL85 StrongArm\u2122 de Blue Giant mantiene seguras las operaciones del anden durante la carga y descarga.<\/p>","protected":false},"featured_media":2847,"comment_status":"closed","ping_status":"closed","template":"","meta":{"site-sidebar-layout":"default","site-content-layout":"","ast-site-content-layout":"default","site-content-style":"default","site-sidebar-style":"default","ast-global-header-display":"","ast-banner-title-visibility":"","ast-main-header-display":"","ast-hfb-above-header-display":"","ast-hfb-below-header-display":"","ast-hfb-mobile-header-display":"","site-post-title":"","ast-breadcrumbs-content":"","ast-featured-img":"","footer-sml-layout":"","theme-transparent-header-meta":"default","adv-header-id-meta":"","stick-header-meta":"","header-above-stick-meta":"","header-main-stick-meta":"","header-below-stick-meta":"","astra-migrate-meta-layouts":"set","ast-page-background-enabled":"default","ast-page-background-meta":{"desktop":{"background-color":"var(--ast-global-color-5)","background-image":"","background-repeat":"repeat","background-position":"center center","background-size":"auto","background-attachment":"scroll","background-type":"","background-media":"","overlay-type":"","overlay-color":"","overlay-opacity":"","overlay-gradient":""},"tablet":{"background-color":"","background-image":"","background-repeat":"repeat","background-position":"center center","background-size":"auto","background-attachment":"scroll","background-type":"","background-media":"","overlay-type":"","overlay-color":"","overlay-opacity":"","overlay-gradient":""},"mobile":{"background-color":"","background-image":"","background-repeat":"repeat","background-position":"center center","background-size":"auto","background-attachment":"scroll","background-type":"","background-media":"","overlay-type":"","overlay-color":"","overlay-opacity":"","overlay-gradient":""}},"ast-content-background-meta":{"desktop":{"background-color":"var(--ast-global-color-4)","background-image":"","background-repeat":"repeat","background-position":"center center","background-size":"auto","background-attachment":"scroll","background-type":"","background-media":"","overlay-type":"","overlay-color":"","overlay-opacity":"","overlay-gradient":""},"tablet":{"background-color":"var(--ast-global-color-4)","background-image":"","background-repeat":"repeat","background-position":"center center","background-size":"auto","background-attachment":"scroll","background-type":"","background-media":"","overlay-type":"","overlay-color":"","overlay-opacity":"","overlay-gradient":""},"mobile":{"background-color":"var(--ast-global-color-4)","background-image":"","background-repeat":"repeat","background-position":"center center","background-size":"auto","background-attachment":"scroll","background-type":"","background-media":"","overlay-type":"","overlay-color":"","overlay-opacity":"","overlay-gradient":""}}},"product_brand":[],"product_cat":[350,344],"product_tag":[],"class_list":{"0":"post-2774","1":"product","2":"type-product","3":"status-publish","4":"has-post-thumbnail","6":"product_cat-ganchos-de-retencion","7":"product_cat-linea-industrial","8":"desktop-align-left","9":"tablet-align-left","10":"mobile-align-left","12":"first","13":"onbackorder","14":"shipping-taxable","15":"product-type-simple"},"aioseo_notices":[],"_links":{"self":[{"href":"https:\/\/instecservice.com\/en\/wp-json\/wp\/v2\/product\/2774","targetHints":{"allow":["GET"]}}],"collection":[{"href":"https:\/\/instecservice.com\/en\/wp-json\/wp\/v2\/product"}],"about":[{"href":"https:\/\/instecservice.com\/en\/wp-json\/wp\/v2\/types\/product"}],"replies":[{"embeddable":true,"href":"https:\/\/instecservice.com\/en\/wp-json\/wp\/v2\/comments?post=2774"}],"wp:featuredmedia":[{"embeddable":true,"href":"https:\/\/instecservice.com\/en\/wp-json\/wp\/v2\/media\/2847"}],"wp:attachment":[{"href":"https:\/\/instecservice.com\/en\/wp-json\/wp\/v2\/media?parent=2774"}],"wp:term":[{"taxonomy":"product_brand","embeddable":true,"href":"https:\/\/instecservice.com\/en\/wp-json\/wp\/v2\/product_brand?post=2774"},{"taxonomy":"product_cat","embeddable":true,"href":"https:\/\/instecservice.com\/en\/wp-json\/wp\/v2\/product_cat?post=2774"},{"taxonomy":"product_tag","embeddable":true,"href":"https:\/\/instecservice.com\/en\/wp-json\/wp\/v2\/product_tag?post=2774"}],"curies":[{"name":"wp","href":"https:\/\/api.w.org\/{rel}","templated":true}]}}